{"id":2,"date":"2024-10-31T10:08:07","date_gmt":"2024-10-31T09:08:07","guid":{"rendered":"https:\/\/www.federationkravmaga.com\/?page_id=2"},"modified":"2025-09-05T18:05:56","modified_gmt":"2025-09-05T16:05:56","slug":"kmfda","status":"publish","type":"page","link":"https:\/\/www.federationkravmaga.com\/index.php\/kmfda\/","title":{"rendered":"KMFDA"},"content":{"rendered":"<p>[et_pb_section fb_built=\u00a0\u00bb1&Prime; admin_label=\u00a0\u00bbHeader\u00a0\u00bb _builder_version=\u00a0\u00bb4.27.2&Prime; _module_preset=\u00a0\u00bbdefault\u00a0\u00bb use_background_color_gradient=\u00a0\u00bbon\u00a0\u00bb background_color_gradient_direction=\u00a0\u00bb90deg\u00a0\u00bb background_color_gradient_stops=\u00a0\u00bbrgba(255,255,255,0) 0%|rgba(204, 204, 204, 0.2) 31%|rgba(0,0,0,0.79) 100%\u00a0\u00bb background_color_gradient_overlays_image=\u00a0\u00bbon\u00a0\u00bb background_image=\u00a0\u00bbhttps:\/\/www.federationkravmaga.com\/wp-content\/uploads\/2025\/04\/lyon-qui-sommes-nous-scaled.jpg\u00a0\u00bb custom_padding=\u00a0\u00bb12vw||12vw||true|false\u00a0\u00bb locked=\u00a0\u00bboff\u00a0\u00bb collapsed=\u00a0\u00bbon\u00a0\u00bb global_colors_info=\u00a0\u00bb{}\u00a0\u00bb][et_pb_row _builder_version=\u00a0\u00bb4.27.2&Prime; _module_preset=\u00a0\u00bbdefault\u00a0\u00bb global_colors_info=\u00a0\u00bb{}\u00a0\u00bb][et_pb_column type=\u00a0\u00bb4_4&Prime; _builder_version=\u00a0\u00bb4.27.2&Prime; _module_preset=\u00a0\u00bbdefault\u00a0\u00bb global_colors_info=\u00a0\u00bb{}\u00a0\u00bb][et_pb_text _builder_version=\u00a0\u00bb4.27.4&Prime; _module_preset=\u00a0\u00bb7d27b5d1-10c8-43e5-8f9a-7e49b62a0b40&Prime; header_font=\u00a0\u00bbOswald|700||on|||||\u00a0\u00bb header_text_color=\u00a0\u00bb#FFFFFF\u00a0\u00bb header_font_size=\u00a0\u00bb5vw\u00a0\u00bb text_orientation=\u00a0\u00bbright\u00a0\u00bb width=\u00a0\u00bb72%\u00a0\u00bb module_alignment=\u00a0\u00bbright\u00a0\u00bb custom_margin=\u00a0\u00bb||10px|-192px|false|false\u00a0\u00bb header_font_size_tablet=\u00a0\u00bb5vw\u00a0\u00bb header_font_size_phone=\u00a0\u00bb9vw\u00a0\u00bb header_font_size_last_edited=\u00a0\u00bbon|phone\u00a0\u00bb global_colors_info=\u00a0\u00bb{}\u00a0\u00bb]<\/p>\n<h1>qui sommes nous ?<\/h1>\n<p>[\/et_pb_text][\/et_pb_column][\/et_pb_row][\/et_pb_section][et_pb_section fb_built=\u00a0\u00bb1&Prime; next_background_color=\u00a0\u00bb#f2f2f2&Prime; _builder_version=\u00a0\u00bb4.27.2&Prime; custom_padding=\u00a0\u00bb||125px|||\u00a0\u00bb bottom_divider_style=\u00a0\u00bbslant\u00a0\u00bb global_colors_info=\u00a0\u00bb{}\u00a0\u00bb][et_pb_row _builder_version=\u00a0\u00bb4.16&Prime; background_size=\u00a0\u00bbinitial\u00a0\u00bb background_position=\u00a0\u00bbtop_left\u00a0\u00bb background_repeat=\u00a0\u00bbrepeat\u00a0\u00bb global_colors_info=\u00a0\u00bb{}\u00a0\u00bb][et_pb_column type=\u00a0\u00bb4_4&Prime; _builder_version=\u00a0\u00bb4.16&Prime; custom_padding=\u00a0\u00bb|||\u00a0\u00bb global_colors_info=\u00a0\u00bb{}\u00a0\u00bb custom_padding__hover=\u00a0\u00bb|||\u00a0\u00bb][et_pb_text _builder_version=\u00a0\u00bb4.27.4&Prime; _module_preset=\u00a0\u00bbdefault\u00a0\u00bb header_2_font=\u00a0\u00bb|||on|||||\u00a0\u00bb header_2_text_align=\u00a0\u00bbcenter\u00a0\u00bb header_2_font_size=\u00a0\u00bb51px\u00a0\u00bb header_3_font=\u00a0\u00bb|||on|||||\u00a0\u00bb background_size=\u00a0\u00bbinitial\u00a0\u00bb background_position=\u00a0\u00bbtop_left\u00a0\u00bb background_repeat=\u00a0\u00bbrepeat\u00a0\u00bb custom_margin=\u00a0\u00bb1px||||false|false\u00a0\u00bb header_2_font_size_tablet=\u00a0\u00bb51px\u00a0\u00bb header_2_font_size_phone=\u00a0\u00bb40px\u00a0\u00bb header_2_font_size_last_edited=\u00a0\u00bbon|phone\u00a0\u00bb global_colors_info=\u00a0\u00bb{}\u00a0\u00bb]<\/p>\n<h2>Notre Philosophie<\/h2>\n<p>&nbsp;<\/p>\n<p>KMFDA est n\u00e9e de la volont\u00e9 de pratiquer, enseigner et promouvoir le Krav Maga qui, tout en respectant strictement les principes fondamentaux \u00e9tablis par son concepteur Imi Lichtenfeld, soit \u00e9galement ouvert aux r\u00e9alit\u00e9s de son temps.<\/p>\n<p>[\/et_pb_text][et_pb_text _builder_version=\u00a0\u00bb4.27.2&Prime; header_2_font=\u00a0\u00bb|||on|||||\u00a0\u00bb header_2_text_align=\u00a0\u00bbcenter\u00a0\u00bb header_2_font_size=\u00a0\u00bb51px\u00a0\u00bb header_3_font=\u00a0\u00bb|||on|||||\u00a0\u00bb background_size=\u00a0\u00bbinitial\u00a0\u00bb background_position=\u00a0\u00bbtop_left\u00a0\u00bb background_repeat=\u00a0\u00bbrepeat\u00a0\u00bb custom_margin=\u00a0\u00bb1px||||false|false\u00a0\u00bb global_colors_info=\u00a0\u00bb{}\u00a0\u00bb]<\/p>\n<h3>Les 4 principes fondateurs de base sont :<\/h3>\n<ul>\n<li>la simplicit\u00e9<\/li>\n<li>l\u2019efficacit\u00e9<\/li>\n<li>la rapidit\u00e9<\/li>\n<li>la ma\u00eetrise<\/li>\n<\/ul>\n<h3>\u00a0<\/h3>\n<h3>En parall\u00e8le, l\u2019objectif revendiqu\u00e9 de la KMFDA en tant que structure f\u00e9d\u00e9rale, est :<\/h3>\n<ul>\n<li>d\u2019apporter de r\u00e9els services et supports aux clubs et membres adh\u00e9rents<\/li>\n<li>et ce, dans un esprit de transparence, d\u2019\u00e9changes et d\u2019\u00e9quit\u00e9<\/li>\n<li>pour un d\u00e9veloppement et des synergies b\u00e9n\u00e9fiques \u00e0 tous<\/li>\n<\/ul>\n<h3>\u00a0<\/h3>\n<h3>Notre Concept \u2013 L\u2019ADN de la KMFDA se r\u00e9sume \u00e0 :<\/h3>\n<ul>\n<li>\u00eatre puriste mais pas \u00e9litiste vis-\u00e0-vis des adh\u00e9rents<\/li>\n<li>port\u00e9 par l\u2019exigence et l\u2019excellence au niveau des instructeurs<\/li>\n<\/ul>\n<p>[\/et_pb_text][\/et_pb_column][\/et_pb_row][\/et_pb_section][et_pb_section fb_built=\u00a0\u00bb1&Prime; _builder_version=\u00a0\u00bb4.27.2&Prime; _module_preset=\u00a0\u00bbdefault\u00a0\u00bb background_color=\u00a0\u00bb#f2f2f2&Prime; custom_padding=\u00a0\u00bb28px|||||\u00a0\u00bb top_divider_color=\u00a0\u00bb#f7f7f7&Prime; global_colors_info=\u00a0\u00bb{}\u00a0\u00bb][et_pb_row _builder_version=\u00a0\u00bb4.27.2&Prime; _module_preset=\u00a0\u00bbdefault\u00a0\u00bb global_colors_info=\u00a0\u00bb{}\u00a0\u00bb][et_pb_column type=\u00a0\u00bb4_4&Prime; _builder_version=\u00a0\u00bb4.27.2&Prime; _module_preset=\u00a0\u00bbdefault\u00a0\u00bb global_colors_info=\u00a0\u00bb{}\u00a0\u00bb][et_pb_text _builder_version=\u00a0\u00bb4.27.4&Prime; header_2_font=\u00a0\u00bb|||on|||||\u00a0\u00bb header_2_text_align=\u00a0\u00bbcenter\u00a0\u00bb header_2_font_size=\u00a0\u00bb51px\u00a0\u00bb header_3_font=\u00a0\u00bb|||on|||||\u00a0\u00bb background_size=\u00a0\u00bbinitial\u00a0\u00bb background_position=\u00a0\u00bbtop_left\u00a0\u00bb background_repeat=\u00a0\u00bbrepeat\u00a0\u00bb custom_margin=\u00a0\u00bb1px||||false|false\u00a0\u00bb header_2_font_size_tablet=\u00a0\u00bb51px\u00a0\u00bb header_2_font_size_phone=\u00a0\u00bb30px\u00a0\u00bb header_2_font_size_last_edited=\u00a0\u00bbon|phone\u00a0\u00bb global_colors_info=\u00a0\u00bb{}\u00a0\u00bb]<\/p>\n<h2>Notre mode de fonctionnement<\/h2>\n<p>&nbsp;<\/p>\n<p>Nous nous sommes tous retrouv\u00e9s, en plus de notre vision technique, \u00e9galement autour de ce qu\u2019une f\u00e9d\u00e9ration se doit d\u2019apporter \u00e0 ses clubs en \u00e9change de leurs cotisations.<br \/>En effet, nous sommes convaincus que nous devons mutualiser nos efforts pour permettre \u00e0 tous de b\u00e9n\u00e9ficier des synergies de groupe.<\/p>\n<p>&nbsp;<\/p>\n<h3>Ainsi, nous d\u00e9dions notre budget prioritairement \u00e0 :<\/h3>\n<ul>\n<li>l\u2019apprentissage \/ la formation<\/li>\n<li>des rendez-vous communs afin d\u2019\u00e9changer<\/li>\n<li>des services pour faciliter le quotidien des clubs \/ membres<\/li>\n<li>la promotion de la discipline, de notre f\u00e9d\u00e9ration et de nos clubs affili\u00e9s<\/li>\n<\/ul>\n<p>&nbsp;<\/p>\n<p>Notre mode de fonctionnement se veut sur la base de la transparence et du partage des informations pour le bien de tous.<br \/>Ainsi vous retrouverez sur l\u2019espace d\u00e9di\u00e9 aux affili\u00e9s, l\u2019ensemble des supports et des services propos\u00e9s, des contacts d\u00e9di\u00e9s par th\u00e9matiques (technique, administratif, communication, achat, etc\u2026), etc\u2026<br \/>Nous accueillons \u00e9galement quiconque souhaitant s\u2019impliquer dans la vie f\u00e9d\u00e9rale au travers des commissions de travail : les responsables de commissions seront en charge de coordonner les diff\u00e9rents projets en fonction des apports des membres actifs.<\/p>\n<p>&nbsp;<\/p>\n<h3>Les Commissions principales sont, \u00e0 date :<\/h3>\n<ul>\n<li>La Technique<\/li>\n<li>La Formation<\/li>\n<li>Le Disciplinaire<\/li>\n<li>L\u2019Ethique<\/li>\n<\/ul>\n<p>Enfin nous croyons en la proximit\u00e9 ; c\u2019est pourquoi, la mission de notre pr\u00e9sident consiste notamment \u00e0 visiter notre r\u00e9seau. Il se d\u00e9placera dans chaque club afin de pouvoir d\u2019une part, l\u2019accueillir personnellement et d\u2019autre part, permettre aux responsables de ces clubs d\u2019\u00e9changer directement avec l\u2019\u00e9quipe encadrante de la f\u00e9d\u00e9ration en toute simplicit\u00e9.<\/p>\n<p>Pour r\u00e9sumer, notre mode de fonctionnement est bas\u00e9 sur tout ce qui peut faciliter la vie des clubs afin de pouvoir se concentrer sur l\u2019enseignement\/la pratique de notre discipline.<\/p>\n<p><strong>La <a href=\"https:\/\/www.federationkravmaga.com\/\">KMFDA<\/a>, c\u2019est aussi une belle aventure humaine !<\/strong><\/p>\n<p>[\/et_pb_text][\/et_pb_column][\/et_pb_row][\/et_pb_section]<\/p>\n","protected":false},"excerpt":{"rendered":"<p>qui sommes nous ?Notre Philosophie &nbsp; KMFDA est n\u00e9e de la volont\u00e9 de pratiquer, enseigner et promouvoir le Krav Maga qui, tout en respectant strictement les principes fondamentaux \u00e9tablis par [&hellip;]<\/p>\n","protected":false},"author":1,"featured_media":0,"parent":0,"menu_order":0,"comment_status":"closed","ping_status":"open","template":"","meta":{"_et_pb_use_builder":"on","_et_pb_old_content":"<!-- wp:paragraph -->\r\n<p>Ceci est une page d\u2019exemple. C\u2019est diff\u00e9rent d\u2019un article de blog parce qu\u2019elle restera au m\u00eame endroit et appara\u00eetra dans la navigation de votre site (dans la plupart des th\u00e8mes). La plupart des gens commencent par une page \u00ab\u00a0\u00c0 propos\u00a0\u00bb qui les pr\u00e9sente aux personnes visitant le site. Cela pourrait ressembler \u00e0 quelque chose comme cela\u00a0:<\/p>\r\n<!-- \/wp:paragraph --><!-- wp:quote -->\r\n<blockquote class=\"wp-block-quote\">\r\n<p>Bonjour\u00a0! Je suis un m\u00e9canicien qui aspire \u00e0 devenir acteur, et voici mon site. J\u2019habite \u00e0 Bordeaux, j\u2019ai un super chien baptis\u00e9 Russell, et j\u2019aime la vodka (ainsi qu\u2019\u00eatre surpris par la pluie soudaine lors de longues balades sur la plage au coucher du soleil).<\/p>\r\n<\/blockquote>\r\n<!-- \/wp:quote --><!-- wp:paragraph -->\r\n<p>\u2026ou quelque chose comme cela\u00a0:<\/p>\r\n<!-- \/wp:paragraph --><!-- wp:quote -->\r\n<blockquote class=\"wp-block-quote\">\r\n<p>La soci\u00e9t\u00e9 123 Machin Truc a \u00e9t\u00e9 cr\u00e9\u00e9e en 1971, et n\u2019a cess\u00e9 de proposer au public des machins-trucs de qualit\u00e9 depuis lors. Situ\u00e9e \u00e0 Saint-Remy-en-Bouzemont-Saint-Genest-et-Isson, 123 Machin Truc emploie 2 000 personnes, et fabrique toutes sortes de bidules supers pour la communaut\u00e9 bouzemontoise.<\/p>\r\n<\/blockquote>\r\n<!-- \/wp:quote --><!-- wp:paragraph -->\r\n<p>En tant que nouvel utilisateur ou utilisatrice de WordPress, vous devriez vous rendre sur <a href=\"https:\/\/www.federationkravmaga.com\/wp-admin\/\">votre tableau de bord<\/a> pour supprimer cette page et cr\u00e9er de nouvelles pages pour votre contenu. Amusez-vous bien\u00a0!<\/p>\r\n<!-- \/wp:paragraph -->","_et_gb_content_width":"","footnotes":""},"class_list":["post-2","page","type-page","status-publish","hentry"],"yoast_head":"<!-- This site is optimized with the Yoast SEO plugin v27.1.1 - https:\/\/yoast.com\/product\/yoast-seo-wordpress\/ -->\n<title>Qui sommes-nous ? \u2014 KMFDA, F\u00e9d\u00e9ration de Krav Maga<\/title>\n<meta name=\"description\" content=\"D\u00e9couvrez la vision, la m\u00e9thode M.A.R.V.E.L. et l\u2019organisation de la KMFDA : une f\u00e9d\u00e9ration au service des clubs et des pratiquants.\" \/>\n<meta name=\"robots\" content=\"index, follow, max-snippet:-1, max-image-preview:large, max-video-preview:-1\" \/>\n<link rel=\"canonical\" href=\"https:\/\/www.federationkravmaga.com\/index.php\/kmfda\/\" \/>\n<meta property=\"og:locale\" content=\"fr_FR\" \/>\n<meta property=\"og:type\" content=\"article\" \/>\n<meta property=\"og:title\" content=\"Qui sommes-nous ? \u2014 KMFDA, F\u00e9d\u00e9ration de Krav Maga\" \/>\n<meta property=\"og:description\" content=\"D\u00e9couvrez la vision, la m\u00e9thode M.A.R.V.E.L. et l\u2019organisation de la KMFDA : une f\u00e9d\u00e9ration au service des clubs et des pratiquants.\" \/>\n<meta property=\"og:url\" content=\"https:\/\/www.federationkravmaga.com\/index.php\/kmfda\/\" \/>\n<meta property=\"og:site_name\" content=\"KMFDA\" \/>\n<meta property=\"article:modified_time\" content=\"2025-09-05T16:05:56+00:00\" \/>\n<meta name=\"twitter:card\" content=\"summary_large_image\" \/>\n<meta name=\"twitter:label1\" content=\"Dur\u00e9e de lecture estim\u00e9e\" \/>\n\t<meta name=\"twitter:data1\" content=\"3 minutes\" \/>\n<script type=\"application\/ld+json\" class=\"yoast-schema-graph\">{\"@context\":\"https:\/\/schema.org\",\"@graph\":[{\"@type\":\"WebPage\",\"@id\":\"https:\/\/www.federationkravmaga.com\/index.php\/kmfda\/\",\"url\":\"https:\/\/www.federationkravmaga.com\/index.php\/kmfda\/\",\"name\":\"Qui sommes-nous ? \u2014 KMFDA, F\u00e9d\u00e9ration de Krav Maga\",\"isPartOf\":{\"@id\":\"https:\/\/www.federationkravmaga.com\/#website\"},\"datePublished\":\"2024-10-31T09:08:07+00:00\",\"dateModified\":\"2025-09-05T16:05:56+00:00\",\"description\":\"D\u00e9couvrez la vision, la m\u00e9thode M.A.R.V.E.L. et l\u2019organisation de la KMFDA : une f\u00e9d\u00e9ration au service des clubs et des pratiquants.\",\"breadcrumb\":{\"@id\":\"https:\/\/www.federationkravmaga.com\/index.php\/kmfda\/#breadcrumb\"},\"inLanguage\":\"fr-FR\",\"potentialAction\":[{\"@type\":\"ReadAction\",\"target\":[\"https:\/\/www.federationkravmaga.com\/index.php\/kmfda\/\"]}]},{\"@type\":\"BreadcrumbList\",\"@id\":\"https:\/\/www.federationkravmaga.com\/index.php\/kmfda\/#breadcrumb\",\"itemListElement\":[{\"@type\":\"ListItem\",\"position\":1,\"name\":\"Accueil\",\"item\":\"https:\/\/www.federationkravmaga.com\/\"},{\"@type\":\"ListItem\",\"position\":2,\"name\":\"KMFDA\"}]},{\"@type\":\"WebSite\",\"@id\":\"https:\/\/www.federationkravmaga.com\/#website\",\"url\":\"https:\/\/www.federationkravmaga.com\/\",\"name\":\"KMFDA\",\"description\":\"F\u00e9d\u00e9ration de Krav Maga et Disciplines Associ\u00e9es\",\"potentialAction\":[{\"@type\":\"SearchAction\",\"target\":{\"@type\":\"EntryPoint\",\"urlTemplate\":\"https:\/\/www.federationkravmaga.com\/?s={search_term_string}\"},\"query-input\":{\"@type\":\"PropertyValueSpecification\",\"valueRequired\":true,\"valueName\":\"search_term_string\"}}],\"inLanguage\":\"fr-FR\"}]}<\/script>\n<!-- \/ Yoast SEO plugin. -->","yoast_head_json":{"title":"Qui sommes-nous ? \u2014 KMFDA, F\u00e9d\u00e9ration de Krav Maga","description":"D\u00e9couvrez la vision, la m\u00e9thode M.A.R.V.E.L. et l\u2019organisation de la KMFDA : une f\u00e9d\u00e9ration au service des clubs et des pratiquants.","robots":{"index":"index","follow":"follow","max-snippet":"max-snippet:-1","max-image-preview":"max-image-preview:large","max-video-preview":"max-video-preview:-1"},"canonical":"https:\/\/www.federationkravmaga.com\/index.php\/kmfda\/","og_locale":"fr_FR","og_type":"article","og_title":"Qui sommes-nous ? \u2014 KMFDA, F\u00e9d\u00e9ration de Krav Maga","og_description":"D\u00e9couvrez la vision, la m\u00e9thode M.A.R.V.E.L. et l\u2019organisation de la KMFDA : une f\u00e9d\u00e9ration au service des clubs et des pratiquants.","og_url":"https:\/\/www.federationkravmaga.com\/index.php\/kmfda\/","og_site_name":"KMFDA","article_modified_time":"2025-09-05T16:05:56+00:00","twitter_card":"summary_large_image","twitter_misc":{"Dur\u00e9e de lecture estim\u00e9e":"3 minutes"},"schema":{"@context":"https:\/\/schema.org","@graph":[{"@type":"WebPage","@id":"https:\/\/www.federationkravmaga.com\/index.php\/kmfda\/","url":"https:\/\/www.federationkravmaga.com\/index.php\/kmfda\/","name":"Qui sommes-nous ? \u2014 KMFDA, F\u00e9d\u00e9ration de Krav Maga","isPartOf":{"@id":"https:\/\/www.federationkravmaga.com\/#website"},"datePublished":"2024-10-31T09:08:07+00:00","dateModified":"2025-09-05T16:05:56+00:00","description":"D\u00e9couvrez la vision, la m\u00e9thode M.A.R.V.E.L. et l\u2019organisation de la KMFDA : une f\u00e9d\u00e9ration au service des clubs et des pratiquants.","breadcrumb":{"@id":"https:\/\/www.federationkravmaga.com\/index.php\/kmfda\/#breadcrumb"},"inLanguage":"fr-FR","potentialAction":[{"@type":"ReadAction","target":["https:\/\/www.federationkravmaga.com\/index.php\/kmfda\/"]}]},{"@type":"BreadcrumbList","@id":"https:\/\/www.federationkravmaga.com\/index.php\/kmfda\/#breadcrumb","itemListElement":[{"@type":"ListItem","position":1,"name":"Accueil","item":"https:\/\/www.federationkravmaga.com\/"},{"@type":"ListItem","position":2,"name":"KMFDA"}]},{"@type":"WebSite","@id":"https:\/\/www.federationkravmaga.com\/#website","url":"https:\/\/www.federationkravmaga.com\/","name":"KMFDA","description":"F\u00e9d\u00e9ration de Krav Maga et Disciplines Associ\u00e9es","potentialAction":[{"@type":"SearchAction","target":{"@type":"EntryPoint","urlTemplate":"https:\/\/www.federationkravmaga.com\/?s={search_term_string}"},"query-input":{"@type":"PropertyValueSpecification","valueRequired":true,"valueName":"search_term_string"}}],"inLanguage":"fr-FR"}]}},"_links":{"self":[{"href":"https:\/\/www.federationkravmaga.com\/index.php\/wp-json\/wp\/v2\/pages\/2","targetHints":{"allow":["GET"]}}],"collection":[{"href":"https:\/\/www.federationkravmaga.com\/index.php\/wp-json\/wp\/v2\/pages"}],"about":[{"href":"https:\/\/www.federationkravmaga.com\/index.php\/wp-json\/wp\/v2\/types\/page"}],"author":[{"embeddable":true,"href":"https:\/\/www.federationkravmaga.com\/index.php\/wp-json\/wp\/v2\/users\/1"}],"replies":[{"embeddable":true,"href":"https:\/\/www.federationkravmaga.com\/index.php\/wp-json\/wp\/v2\/comments?post=2"}],"version-history":[{"count":17,"href":"https:\/\/www.federationkravmaga.com\/index.php\/wp-json\/wp\/v2\/pages\/2\/revisions"}],"predecessor-version":[{"id":699,"href":"https:\/\/www.federationkravmaga.com\/index.php\/wp-json\/wp\/v2\/pages\/2\/revisions\/699"}],"wp:attachment":[{"href":"https:\/\/www.federationkravmaga.com\/index.php\/wp-json\/wp\/v2\/media?parent=2"}],"curies":[{"name":"wp","href":"https:\/\/api.w.org\/{rel}","templated":true}]}}