{"id":216,"date":"2025-02-14T17:44:58","date_gmt":"2025-02-14T16:44:58","guid":{"rendered":"https:\/\/www.federationkravmaga.com\/?page_id=216"},"modified":"2025-11-04T11:21:42","modified_gmt":"2025-11-04T10:21:42","slug":"elkm","status":"publish","type":"page","link":"https:\/\/www.federationkravmaga.com\/index.php\/elkm\/","title":{"rendered":"EKLM"},"content":{"rendered":"<p>[et_pb_section fb_built=\u00a0\u00bb1&Prime; admin_label=\u00a0\u00bbHeader\u00a0\u00bb _builder_version=\u00a0\u00bb4.27.2&Prime; _module_preset=\u00a0\u00bbdefault\u00a0\u00bb use_background_color_gradient=\u00a0\u00bbon\u00a0\u00bb background_color_gradient_direction=\u00a0\u00bb90deg\u00a0\u00bb background_color_gradient_stops=\u00a0\u00bbrgba(255,255,255,0) 0%|rgba(0,0,0,0.9) 100%\u00a0\u00bb background_color_gradient_overlays_image=\u00a0\u00bbon\u00a0\u00bb background_image=\u00a0\u00bbhttps:\/\/www.federationkravmaga.com\/wp-content\/uploads\/2025\/05\/couv-les-clubs.jpg\u00a0\u00bb custom_padding=\u00a0\u00bb10vw||10vw||true|false\u00a0\u00bb locked=\u00a0\u00bboff\u00a0\u00bb collapsed=\u00a0\u00bbon\u00a0\u00bb global_colors_info=\u00a0\u00bb{}\u00a0\u00bb][et_pb_row column_structure=\u00a0\u00bb1_4,3_4&Prime; use_custom_gutter=\u00a0\u00bbon\u00a0\u00bb gutter_width=\u00a0\u00bb2&Prime; _builder_version=\u00a0\u00bb4.27.2&Prime; _module_preset=\u00a0\u00bbdefault\u00a0\u00bb global_colors_info=\u00a0\u00bb{}\u00a0\u00bb][et_pb_column type=\u00a0\u00bb1_4&Prime; _builder_version=\u00a0\u00bb4.27.2&Prime; _module_preset=\u00a0\u00bbdefault\u00a0\u00bb global_colors_info=\u00a0\u00bb{}\u00a0\u00bb][et_pb_image src=\u00a0\u00bbhttps:\/\/www.federationkravmaga.com\/wp-content\/uploads\/2025\/09\/LOGO-ELKM-2025.jpg\u00a0\u00bb title_text=\u00a0\u00bbLOGO-ELKM-2025&Prime; align=\u00a0\u00bbright\u00a0\u00bb align_tablet=\u00a0\u00bbcenter\u00a0\u00bb align_phone=\u00a0\u00bbcenter\u00a0\u00bb align_last_edited=\u00a0\u00bbon|tablet\u00a0\u00bb _builder_version=\u00a0\u00bb4.27.4&Prime; _module_preset=\u00a0\u00bbdefault\u00a0\u00bb width=\u00a0\u00bb75%\u00a0\u00bb width_tablet=\u00a0\u00bb75%\u00a0\u00bb width_phone=\u00a0\u00bb47%\u00a0\u00bb width_last_edited=\u00a0\u00bbon|phone\u00a0\u00bb global_colors_info=\u00a0\u00bb{}\u00a0\u00bb][\/et_pb_image][\/et_pb_column][et_pb_column type=\u00a0\u00bb3_4&Prime; _builder_version=\u00a0\u00bb4.27.2&Prime; _module_preset=\u00a0\u00bbdefault\u00a0\u00bb global_colors_info=\u00a0\u00bb{}\u00a0\u00bb][et_pb_text _builder_version=\u00a0\u00bb4.27.4&Prime; _module_preset=\u00a0\u00bb7d27b5d1-10c8-43e5-8f9a-7e49b62a0b40&Prime; header_text_color=\u00a0\u00bb#FFFFFF\u00a0\u00bb header_2_font=\u00a0\u00bb|700||on|||||\u00a0\u00bb header_2_text_align=\u00a0\u00bbleft\u00a0\u00bb header_2_text_color=\u00a0\u00bb#FFFFFF\u00a0\u00bb header_2_font_size=\u00a0\u00bb80px\u00a0\u00bb text_orientation=\u00a0\u00bbright\u00a0\u00bb module_alignment=\u00a0\u00bbleft\u00a0\u00bb custom_margin=\u00a0\u00bb||||false|false\u00a0\u00bb hover_enabled=\u00a0\u00bb0&Prime; header_font_size_tablet=\u00a0\u00bb5vw\u00a0\u00bb header_font_size_phone=\u00a0\u00bb5vw\u00a0\u00bb header_font_size_last_edited=\u00a0\u00bboff|desktop\u00a0\u00bb header_2_text_align_tablet=\u00a0\u00bbcenter\u00a0\u00bb header_2_text_align_phone=\u00a0\u00bbcenter\u00a0\u00bb header_2_text_align_last_edited=\u00a0\u00bbon|tablet\u00a0\u00bb header_2_font_size_tablet=\u00a0\u00bb80px\u00a0\u00bb header_2_font_size_phone=\u00a0\u00bb46px\u00a0\u00bb header_2_font_size_last_edited=\u00a0\u00bbon|phone\u00a0\u00bb global_colors_info=\u00a0\u00bb{}\u00a0\u00bb sticky_enabled=\u00a0\u00bb0&Prime;]<\/p>\n<h2>ELKM<\/h2>\n<p>[\/et_pb_text][et_pb_text _builder_version=\u00a0\u00bb4.27.2&Prime; _module_preset=\u00a0\u00bbdefault\u00a0\u00bb text_text_color=\u00a0\u00bb#FFFFFF\u00a0\u00bb text_font_size=\u00a0\u00bb21px\u00a0\u00bb custom_margin=\u00a0\u00bb-15px||||false|false\u00a0\u00bb global_colors_info=\u00a0\u00bb{}\u00a0\u00bb]<\/p>\n<p>LYON (69)<\/p>\n<p>[\/et_pb_text][\/et_pb_column][\/et_pb_row][\/et_pb_section][et_pb_section fb_built=\u00a0\u00bb1&Prime; admin_label=\u00a0\u00bbHeader\u00a0\u00bb _builder_version=\u00a0\u00bb4.27.2&Prime; _module_preset=\u00a0\u00bbdefault\u00a0\u00bb custom_padding=\u00a0\u00bb0px||30px||false|false\u00a0\u00bb collapsed=\u00a0\u00bbon\u00a0\u00bb global_colors_info=\u00a0\u00bb{}\u00a0\u00bb][et_pb_row _builder_version=\u00a0\u00bb4.27.2&Prime; _module_preset=\u00a0\u00bbdefault\u00a0\u00bb global_colors_info=\u00a0\u00bb{}\u00a0\u00bb][et_pb_column type=\u00a0\u00bb4_4&Prime; _builder_version=\u00a0\u00bb4.22.1&Prime; _module_preset=\u00a0\u00bbdefault\u00a0\u00bb global_colors_info=\u00a0\u00bb{}\u00a0\u00bb][et_pb_text _builder_version=\u00a0\u00bb4.27.4&Prime; _module_preset=\u00a0\u00bbd5cc805c-beac-4f35-b772-fb136bda94fd\u00a0\u00bb text_font=\u00a0\u00bb||||||||\u00a0\u00bb text_orientation=\u00a0\u00bbjustified\u00a0\u00bb module_alignment=\u00a0\u00bbcenter\u00a0\u00bb custom_margin=\u00a0\u00bb22px||||false|false\u00a0\u00bb global_colors_info=\u00a0\u00bb{}\u00a0\u00bb]<\/p>\n<article class=\"single-page-content\">EKLM Club de Krav Maga \u00e0 Lyon a pour objectif la promotion, le d\u00e9veloppement et l\u2019enseignement du Krav Maga en France. Retrouvez nous sur notre site: <a class=\"_553k\" href=\"http:\/\/www.elkm.fr\/\" target=\"_blank\" rel=\"nofollow noopener noreferrer\">http:\/\/www.elkm.fr<\/a>\u00a0Vous trouverez toutes les informations concernant les activit\u00e9s de l\u2019\u00e9cole (cours r\u00e9guliers, section f\u00e9minine\u2026) et les \u00e9v\u00e9nements importants li\u00e9s \u00e0 la vie du club.<\/article>\n<p>[\/et_pb_text][\/et_pb_column][\/et_pb_row][\/et_pb_section][et_pb_section fb_built=\u00a0\u00bb1&Prime; admin_label=\u00a0\u00bbHeader\u00a0\u00bb _builder_version=\u00a0\u00bb4.22.1&Prime; _module_preset=\u00a0\u00bbdefault\u00a0\u00bb custom_padding=\u00a0\u00bb||5px|||\u00a0\u00bb collapsed=\u00a0\u00bbon\u00a0\u00bb global_colors_info=\u00a0\u00bb{}\u00a0\u00bb][et_pb_row column_structure=\u00a0\u00bb1_6,1_6,1_6,1_6,1_6,1_6&Prime; use_custom_gutter=\u00a0\u00bbon\u00a0\u00bb gutter_width=\u00a0\u00bb2&Prime; _builder_version=\u00a0\u00bb4.27.2&Prime; _module_preset=\u00a0\u00bbdefault\u00a0\u00bb custom_margin=\u00a0\u00bb-66px||||false|false\u00a0\u00bb custom_margin_tablet=\u00a0\u00bb-66px||||false|false\u00a0\u00bb custom_margin_phone=\u00a0\u00bb-111px||||false|false\u00a0\u00bb custom_margin_last_edited=\u00a0\u00bbon|phone\u00a0\u00bb custom_padding=\u00a0\u00bb0px||||false|false\u00a0\u00bb global_colors_info=\u00a0\u00bb{}\u00a0\u00bb][et_pb_column type=\u00a0\u00bb1_6&Prime; _builder_version=\u00a0\u00bb4.27.2&Prime; _module_preset=\u00a0\u00bbdefault\u00a0\u00bb global_colors_info=\u00a0\u00bb{}\u00a0\u00bb][et_pb_icon font_icon=\u00a0\u00bb&#xe0c1;||divi||400&Prime; icon_width=\u00a0\u00bb41px\u00a0\u00bb url=\u00a0\u00bbhttps:\/\/www.facebook.com\/ecolelyonnaisedekravmaga#\u00a0\u00bb url_new_window=\u00a0\u00bbon\u00a0\u00bb align=\u00a0\u00bbleft\u00a0\u00bb _builder_version=\u00a0\u00bb4.27.2&Prime; _module_preset=\u00a0\u00bbdefault\u00a0\u00bb global_colors_info=\u00a0\u00bb{}\u00a0\u00bb][\/et_pb_icon][\/et_pb_column][et_pb_column type=\u00a0\u00bb1_6&Prime; _builder_version=\u00a0\u00bb4.27.2&Prime; _module_preset=\u00a0\u00bbdefault\u00a0\u00bb global_colors_info=\u00a0\u00bb{}\u00a0\u00bb][\/et_pb_column][et_pb_column type=\u00a0\u00bb1_6&Prime; _builder_version=\u00a0\u00bb4.27.2&Prime; _module_preset=\u00a0\u00bbdefault\u00a0\u00bb global_colors_info=\u00a0\u00bb{}\u00a0\u00bb][\/et_pb_column][et_pb_column type=\u00a0\u00bb1_6&Prime; _builder_version=\u00a0\u00bb4.27.2&Prime; _module_preset=\u00a0\u00bbdefault\u00a0\u00bb global_colors_info=\u00a0\u00bb{}\u00a0\u00bb][\/et_pb_column][et_pb_column type=\u00a0\u00bb1_6&Prime; _builder_version=\u00a0\u00bb4.27.2&Prime; _module_preset=\u00a0\u00bbdefault\u00a0\u00bb global_colors_info=\u00a0\u00bb{}\u00a0\u00bb][\/et_pb_column][et_pb_column type=\u00a0\u00bb1_6&Prime; _builder_version=\u00a0\u00bb4.27.2&Prime; _module_preset=\u00a0\u00bbdefault\u00a0\u00bb global_colors_info=\u00a0\u00bb{}\u00a0\u00bb][\/et_pb_column][\/et_pb_row][et_pb_row _builder_version=\u00a0\u00bb4.27.2&Prime; _module_preset=\u00a0\u00bbdefault\u00a0\u00bb custom_margin_tablet=\u00a0\u00bb\u00a0\u00bb custom_margin_phone=\u00a0\u00bb-245px||||false|false\u00a0\u00bb custom_margin_last_edited=\u00a0\u00bbon|phone\u00a0\u00bb global_colors_info=\u00a0\u00bb{}\u00a0\u00bb][et_pb_column type=\u00a0\u00bb4_4&Prime; _builder_version=\u00a0\u00bb4.27.2&Prime; _module_preset=\u00a0\u00bbdefault\u00a0\u00bb global_colors_info=\u00a0\u00bb{}\u00a0\u00bb][et_pb_tabs active_tab_background_color=\u00a0\u00bb#c62226&Prime; inactive_tab_background_color=\u00a0\u00bb#FFFFFF\u00a0\u00bb active_tab_text_color=\u00a0\u00bb#FFFFFF\u00a0\u00bb _builder_version=\u00a0\u00bb4.27.2&Prime; _module_preset=\u00a0\u00bbdefault\u00a0\u00bb tab_text_color=\u00a0\u00bb#000000&Prime; tab_font=\u00a0\u00bb|800||on|||||\u00a0\u00bb tab_font_size=\u00a0\u00bb16px\u00a0\u00bb tab_line_height=\u00a0\u00bb2.2em\u00a0\u00bb border_width_all=\u00a0\u00bb0px\u00a0\u00bb global_colors_info=\u00a0\u00bb{}\u00a0\u00bb][et_pb_tab title=\u00a0\u00bbCours\u00a0\u00bb _builder_version=\u00a0\u00bb4.27.2&Prime; _module_preset=\u00a0\u00bbdefault\u00a0\u00bb global_colors_info=\u00a0\u00bb{}\u00a0\u00bb]<\/p>\n<p><strong>Mardi &gt;&gt;<\/strong> 19h40 \u00e0 21h15 Cours d\u00e9butants et avanc\u00e9s<br \/><strong>Jeudi &gt;&gt;<\/strong> 19h40 \u00e0 21h15 Cours d\u00e9butants et avanc\u00e9s<\/p>\n<p>[\/et_pb_tab][et_pb_tab title=\u00a0\u00bbSalles\u00a0\u00bb _builder_version=\u00a0\u00bb4.27.2&Prime; _module_preset=\u00a0\u00bbdefault\u00a0\u00bb global_colors_info=\u00a0\u00bb{}\u00a0\u00bb]SEPR<\/p>\n<p>46 rue Professeur Rochaix 69003 Lyon<\/p>\n<p><iframe src=\"https:\/\/www.google.com\/maps\/embed?pb=!1m18!1m12!1m3!1d2784.2751173272854!2d4.874345312172323!3d45.745630214496096!2m3!1f0!2f0!3f0!3m2!1i1024!2i768!4f13.1!3m3!1m2!1s0x47f4c1dc53e76b8b%3A0xfa5965fec73ddade!2s46%20Rue%20Professeur%20Rochaix%2C%2069003%20Lyon!5e0!3m2!1sfr!2sfr!4v1739551502523!5m2!1sfr!2sfr\" width=\"100%\" height=\"450\" style=\"border:0;\" allowfullscreen=\"\" loading=\"lazy\" referrerpolicy=\"no-referrer-when-downgrade\"><\/iframe>[\/et_pb_tab][et_pb_tab title=\u00a0\u00bbInitiateurs \/ INSTRUCTEURS\u00a0\u00bb _builder_version=\u00a0\u00bb4.27.2&Prime; _module_preset=\u00a0\u00bbdefault\u00a0\u00bb global_colors_info=\u00a0\u00bb{}\u00a0\u00bb]<\/p>\n<p><strong>Matthieu ROLANDO &#8211; <\/strong>Ceinture noire 2D<br \/><strong>Vincent GRAVERON &#8211; <\/strong>Ceinture noire 1 D<br \/><strong>J\u00e9r\u00e9my DUMAYE &#8211; <\/strong>Ceinture bleue<\/p>\n<p>[\/et_pb_tab][et_pb_tab title=\u00a0\u00bbcontact\u00a0\u00bb _builder_version=\u00a0\u00bb4.27.2&Prime; _module_preset=\u00a0\u00bbdefault\u00a0\u00bb global_colors_info=\u00a0\u00bb{}\u00a0\u00bb]<\/p>\n<p>Mail :\u00a0<a href=\"https:\/\/mail.google.com\/mail\/?view=cm&amp;fs=1&amp;tf=1&amp;to=contact@elkm.fr\" target=\"_blank\" rel=\"noopener\">contact@elkm.fr<\/a><br \/>Site :\u00a0https:\/\/elkm.fr\/<\/p>\n<p>[\/et_pb_tab][\/et_pb_tabs][\/et_pb_column][\/et_pb_row][\/et_pb_section][et_pb_section fb_built=\u00a0\u00bb1&Prime; _builder_version=\u00a0\u00bb4.27.2&Prime; _module_preset=\u00a0\u00bbdefault\u00a0\u00bb global_colors_info=\u00a0\u00bb{}\u00a0\u00bb][et_pb_row _builder_version=\u00a0\u00bb4.27.2&Prime; _module_preset=\u00a0\u00bbdefault\u00a0\u00bb global_colors_info=\u00a0\u00bb{}\u00a0\u00bb][et_pb_column type=\u00a0\u00bb4_4&Prime; _builder_version=\u00a0\u00bb4.27.2&Prime; _module_preset=\u00a0\u00bbdefault\u00a0\u00bb global_colors_info=\u00a0\u00bb{}\u00a0\u00bb][et_pb_gallery gallery_ids=\u00a0\u00bb614,615,616,617,618&Prime; posts_number=\u00a0\u00bb10&Prime; show_title_and_caption=\u00a0\u00bboff\u00a0\u00bb show_pagination=\u00a0\u00bboff\u00a0\u00bb _builder_version=\u00a0\u00bb4.27.4&Prime; _module_preset=\u00a0\u00bbdefault\u00a0\u00bb global_colors_info=\u00a0\u00bb{}\u00a0\u00bb][\/et_pb_gallery][\/et_pb_column][\/et_pb_row][\/et_pb_section]<\/p>\n","protected":false},"excerpt":{"rendered":"<p>ELKMLYON (69)EKLM Club de Krav Maga \u00e0 Lyon a pour objectif la promotion, le d\u00e9veloppement et l\u2019enseignement du Krav Maga en France. Retrouvez nous sur notre site: http:\/\/www.elkm.fr\u00a0Vous trouverez toutes [&hellip;]<\/p>\n","protected":false},"author":1,"featured_media":0,"parent":0,"menu_order":0,"comment_status":"closed","ping_status":"closed","template":"","meta":{"_et_pb_use_builder":"on","_et_pb_old_content":"","_et_gb_content_width":"","footnotes":""},"class_list":["post-216","page","type-page","status-publish","hentry"],"yoast_head":"<!-- This site is optimized with the Yoast SEO plugin v27.1.1 - https:\/\/yoast.com\/product\/yoast-seo-wordpress\/ -->\n<title>EKLM \u2014 Club de Krav Maga \u00e0 Lyon | F\u00e9d\u00e9ration KMFDA<\/title>\n<meta name=\"description\" content=\"EKLM Club de Krav Maga \u00e0 Lyon, club affili\u00e9 \u00e0 la KMFDA : cours adultes, section f\u00e9minine, instructeurs certifi\u00e9s.\" \/>\n<meta name=\"robots\" content=\"index, follow, max-snippet:-1, max-image-preview:large, max-video-preview:-1\" \/>\n<link rel=\"canonical\" href=\"https:\/\/www.federationkravmaga.com\/index.php\/elkm\/\" \/>\n<meta property=\"og:locale\" content=\"fr_FR\" \/>\n<meta property=\"og:type\" content=\"article\" \/>\n<meta property=\"og:title\" content=\"EKLM \u2014 Club de Krav Maga \u00e0 Lyon | F\u00e9d\u00e9ration KMFDA\" \/>\n<meta property=\"og:description\" content=\"EKLM Club de Krav Maga \u00e0 Lyon, club affili\u00e9 \u00e0 la KMFDA : cours adultes, section f\u00e9minine, instructeurs certifi\u00e9s.\" \/>\n<meta property=\"og:url\" content=\"https:\/\/www.federationkravmaga.com\/index.php\/elkm\/\" \/>\n<meta property=\"og:site_name\" content=\"KMFDA\" \/>\n<meta property=\"article:modified_time\" content=\"2025-11-04T10:21:42+00:00\" \/>\n<meta name=\"twitter:card\" content=\"summary_large_image\" \/>\n<meta name=\"twitter:label1\" content=\"Dur\u00e9e de lecture estim\u00e9e\" \/>\n\t<meta name=\"twitter:data1\" content=\"2 minutes\" \/>\n<script type=\"application\/ld+json\" class=\"yoast-schema-graph\">{\"@context\":\"https:\/\/schema.org\",\"@graph\":[{\"@type\":\"WebPage\",\"@id\":\"https:\/\/www.federationkravmaga.com\/index.php\/elkm\/\",\"url\":\"https:\/\/www.federationkravmaga.com\/index.php\/elkm\/\",\"name\":\"EKLM \u2014 Club de Krav Maga \u00e0 Lyon | F\u00e9d\u00e9ration KMFDA\",\"isPartOf\":{\"@id\":\"https:\/\/www.federationkravmaga.com\/#website\"},\"datePublished\":\"2025-02-14T16:44:58+00:00\",\"dateModified\":\"2025-11-04T10:21:42+00:00\",\"description\":\"EKLM Club de Krav Maga \u00e0 Lyon, club affili\u00e9 \u00e0 la KMFDA : cours adultes, section f\u00e9minine, instructeurs certifi\u00e9s.\",\"breadcrumb\":{\"@id\":\"https:\/\/www.federationkravmaga.com\/index.php\/elkm\/#breadcrumb\"},\"inLanguage\":\"fr-FR\",\"potentialAction\":[{\"@type\":\"ReadAction\",\"target\":[\"https:\/\/www.federationkravmaga.com\/index.php\/elkm\/\"]}]},{\"@type\":\"BreadcrumbList\",\"@id\":\"https:\/\/www.federationkravmaga.com\/index.php\/elkm\/#breadcrumb\",\"itemListElement\":[{\"@type\":\"ListItem\",\"position\":1,\"name\":\"Accueil\",\"item\":\"https:\/\/www.federationkravmaga.com\/\"},{\"@type\":\"ListItem\",\"position\":2,\"name\":\"EKLM\"}]},{\"@type\":\"WebSite\",\"@id\":\"https:\/\/www.federationkravmaga.com\/#website\",\"url\":\"https:\/\/www.federationkravmaga.com\/\",\"name\":\"KMFDA\",\"description\":\"F\u00e9d\u00e9ration de Krav Maga et Disciplines Associ\u00e9es\",\"potentialAction\":[{\"@type\":\"SearchAction\",\"target\":{\"@type\":\"EntryPoint\",\"urlTemplate\":\"https:\/\/www.federationkravmaga.com\/?s={search_term_string}\"},\"query-input\":{\"@type\":\"PropertyValueSpecification\",\"valueRequired\":true,\"valueName\":\"search_term_string\"}}],\"inLanguage\":\"fr-FR\"}]}<\/script>\n<!-- \/ Yoast SEO plugin. -->","yoast_head_json":{"title":"EKLM \u2014 Club de Krav Maga \u00e0 Lyon | F\u00e9d\u00e9ration KMFDA","description":"EKLM Club de Krav Maga \u00e0 Lyon, club affili\u00e9 \u00e0 la KMFDA : cours adultes, section f\u00e9minine, instructeurs certifi\u00e9s.","robots":{"index":"index","follow":"follow","max-snippet":"max-snippet:-1","max-image-preview":"max-image-preview:large","max-video-preview":"max-video-preview:-1"},"canonical":"https:\/\/www.federationkravmaga.com\/index.php\/elkm\/","og_locale":"fr_FR","og_type":"article","og_title":"EKLM \u2014 Club de Krav Maga \u00e0 Lyon | F\u00e9d\u00e9ration KMFDA","og_description":"EKLM Club de Krav Maga \u00e0 Lyon, club affili\u00e9 \u00e0 la KMFDA : cours adultes, section f\u00e9minine, instructeurs certifi\u00e9s.","og_url":"https:\/\/www.federationkravmaga.com\/index.php\/elkm\/","og_site_name":"KMFDA","article_modified_time":"2025-11-04T10:21:42+00:00","twitter_card":"summary_large_image","twitter_misc":{"Dur\u00e9e de lecture estim\u00e9e":"2 minutes"},"schema":{"@context":"https:\/\/schema.org","@graph":[{"@type":"WebPage","@id":"https:\/\/www.federationkravmaga.com\/index.php\/elkm\/","url":"https:\/\/www.federationkravmaga.com\/index.php\/elkm\/","name":"EKLM \u2014 Club de Krav Maga \u00e0 Lyon | F\u00e9d\u00e9ration KMFDA","isPartOf":{"@id":"https:\/\/www.federationkravmaga.com\/#website"},"datePublished":"2025-02-14T16:44:58+00:00","dateModified":"2025-11-04T10:21:42+00:00","description":"EKLM Club de Krav Maga \u00e0 Lyon, club affili\u00e9 \u00e0 la KMFDA : cours adultes, section f\u00e9minine, instructeurs certifi\u00e9s.","breadcrumb":{"@id":"https:\/\/www.federationkravmaga.com\/index.php\/elkm\/#breadcrumb"},"inLanguage":"fr-FR","potentialAction":[{"@type":"ReadAction","target":["https:\/\/www.federationkravmaga.com\/index.php\/elkm\/"]}]},{"@type":"BreadcrumbList","@id":"https:\/\/www.federationkravmaga.com\/index.php\/elkm\/#breadcrumb","itemListElement":[{"@type":"ListItem","position":1,"name":"Accueil","item":"https:\/\/www.federationkravmaga.com\/"},{"@type":"ListItem","position":2,"name":"EKLM"}]},{"@type":"WebSite","@id":"https:\/\/www.federationkravmaga.com\/#website","url":"https:\/\/www.federationkravmaga.com\/","name":"KMFDA","description":"F\u00e9d\u00e9ration de Krav Maga et Disciplines Associ\u00e9es","potentialAction":[{"@type":"SearchAction","target":{"@type":"EntryPoint","urlTemplate":"https:\/\/www.federationkravmaga.com\/?s={search_term_string}"},"query-input":{"@type":"PropertyValueSpecification","valueRequired":true,"valueName":"search_term_string"}}],"inLanguage":"fr-FR"}]}},"_links":{"self":[{"href":"https:\/\/www.federationkravmaga.com\/index.php\/wp-json\/wp\/v2\/pages\/216","targetHints":{"allow":["GET"]}}],"collection":[{"href":"https:\/\/www.federationkravmaga.com\/index.php\/wp-json\/wp\/v2\/pages"}],"about":[{"href":"https:\/\/www.federationkravmaga.com\/index.php\/wp-json\/wp\/v2\/types\/page"}],"author":[{"embeddable":true,"href":"https:\/\/www.federationkravmaga.com\/index.php\/wp-json\/wp\/v2\/users\/1"}],"replies":[{"embeddable":true,"href":"https:\/\/www.federationkravmaga.com\/index.php\/wp-json\/wp\/v2\/comments?post=216"}],"version-history":[{"count":12,"href":"https:\/\/www.federationkravmaga.com\/index.php\/wp-json\/wp\/v2\/pages\/216\/revisions"}],"predecessor-version":[{"id":757,"href":"https:\/\/www.federationkravmaga.com\/index.php\/wp-json\/wp\/v2\/pages\/216\/revisions\/757"}],"wp:attachment":[{"href":"https:\/\/www.federationkravmaga.com\/index.php\/wp-json\/wp\/v2\/media?parent=216"}],"curies":[{"name":"wp","href":"https:\/\/api.w.org\/{rel}","templated":true}]}}