{"id":236,"date":"2025-04-03T14:54:28","date_gmt":"2025-04-03T12:54:28","guid":{"rendered":"https:\/\/www.federationkravmaga.fr\/?page_id=236"},"modified":"2025-10-15T10:43:03","modified_gmt":"2025-10-15T08:43:03","slug":"rejoindre-kmfda","status":"publish","type":"page","link":"https:\/\/www.federationkravmaga.com\/index.php\/rejoindre-kmfda\/","title":{"rendered":"Pourquoi nous rejoindre"},"content":{"rendered":"<p>[et_pb_section fb_built=\u00a0\u00bb1&Prime; admin_label=\u00a0\u00bbHeader\u00a0\u00bb _builder_version=\u00a0\u00bb4.27.2&Prime; _module_preset=\u00a0\u00bbdefault\u00a0\u00bb use_background_color_gradient=\u00a0\u00bbon\u00a0\u00bb background_color_gradient_direction=\u00a0\u00bb90deg\u00a0\u00bb background_color_gradient_stops=\u00a0\u00bbrgba(255,255,255,0) 0%|rgba(0,0,0,0.84) 100%\u00a0\u00bb background_color_gradient_overlays_image=\u00a0\u00bbon\u00a0\u00bb background_image=\u00a0\u00bbhttps:\/\/www.federationkravmaga.com\/wp-content\/uploads\/2025\/05\/couv-1.jpg\u00a0\u00bb custom_padding=\u00a0\u00bb10vw||10vw||true|false\u00a0\u00bb locked=\u00a0\u00bboff\u00a0\u00bb collapsed=\u00a0\u00bbon\u00a0\u00bb global_colors_info=\u00a0\u00bb{}\u00a0\u00bb][et_pb_row _builder_version=\u00a0\u00bb4.27.2&Prime; _module_preset=\u00a0\u00bbdefault\u00a0\u00bb global_colors_info=\u00a0\u00bb{}\u00a0\u00bb][et_pb_column type=\u00a0\u00bb4_4&Prime; _builder_version=\u00a0\u00bb4.27.2&Prime; _module_preset=\u00a0\u00bbdefault\u00a0\u00bb global_colors_info=\u00a0\u00bb{}\u00a0\u00bb][et_pb_text _builder_version=\u00a0\u00bb4.27.4&Prime; _module_preset=\u00a0\u00bb7d27b5d1-10c8-43e5-8f9a-7e49b62a0b40&Prime; header_font=\u00a0\u00bbOswald|700||on|||||\u00a0\u00bb header_text_color=\u00a0\u00bb#FFFFFF\u00a0\u00bb header_font_size=\u00a0\u00bb5vw\u00a0\u00bb header_line_height=\u00a0\u00bb1.2em\u00a0\u00bb text_orientation=\u00a0\u00bbright\u00a0\u00bb width=\u00a0\u00bb72%\u00a0\u00bb module_alignment=\u00a0\u00bbright\u00a0\u00bb custom_margin=\u00a0\u00bb||10px|-192px|false|false\u00a0\u00bb header_font_size_tablet=\u00a0\u00bb5vw\u00a0\u00bb header_font_size_phone=\u00a0\u00bb10vw\u00a0\u00bb header_font_size_last_edited=\u00a0\u00bbon|phone\u00a0\u00bb global_colors_info=\u00a0\u00bb{}\u00a0\u00bb]<\/p>\n<h1>pourquoi nous rejoindre ?<\/h1>\n<p>[\/et_pb_text][\/et_pb_column][\/et_pb_row][\/et_pb_section][et_pb_section fb_built=\u00a0\u00bb1&Prime; next_background_color=\u00a0\u00bb#ffffff\u00a0\u00bb _builder_version=\u00a0\u00bb4.27.2&Prime; _module_preset=\u00a0\u00bbdefault\u00a0\u00bb background_color=\u00a0\u00bb#e2e2e2&Prime; bottom_divider_style=\u00a0\u00bbslant2&Prime; global_colors_info=\u00a0\u00bb{}\u00a0\u00bb][et_pb_row _builder_version=\u00a0\u00bb4.27.2&Prime; _module_preset=\u00a0\u00bbdefault\u00a0\u00bb custom_padding=\u00a0\u00bb||122px|||\u00a0\u00bb global_colors_info=\u00a0\u00bb{}\u00a0\u00bb][et_pb_column type=\u00a0\u00bb4_4&Prime; _builder_version=\u00a0\u00bb4.27.2&Prime; _module_preset=\u00a0\u00bbdefault\u00a0\u00bb global_colors_info=\u00a0\u00bb{}\u00a0\u00bb][et_pb_text _builder_version=\u00a0\u00bb4.27.4&Prime; header_2_font=\u00a0\u00bb|700||on|||||\u00a0\u00bb header_2_text_align=\u00a0\u00bbcenter\u00a0\u00bb header_2_font_size=\u00a0\u00bb40px\u00a0\u00bb header_2_line_height=\u00a0\u00bb1.3em\u00a0\u00bb custom_margin=\u00a0\u00bb3px|||||\u00a0\u00bb hover_enabled=\u00a0\u00bb0&Prime; header_2_font_size_tablet=\u00a0\u00bb40px\u00a0\u00bb header_2_font_size_phone=\u00a0\u00bb35px\u00a0\u00bb header_2_font_size_last_edited=\u00a0\u00bbon|phone\u00a0\u00bb global_colors_info=\u00a0\u00bb{}\u00a0\u00bb sticky_enabled=\u00a0\u00bb0&Prime;]<\/p>\n<h2>Parce que nous sommes une f\u00e9d\u00e9ration qui se veut au service de ses clubs affili\u00e9s !<\/h2>\n<p>&nbsp;<\/p>\n<p>Krav Maga F\u00e9d\u00e9ration appuie sa r\u00e9flexion technique sur l\u2019exp\u00e9rience de son comit\u00e9 technique. Il est compos\u00e9 de pratiquants tous confirm\u00e9s (jusqu\u2019\u00e0 + 20 ans d\u2019experience) et issus de la <a href=\"https:\/\/www.krav-maga.net\/\">F\u00e9d\u00e9ration Europ\u00e9enne de Krav Maga<\/a>.<br \/>De plus, au del\u00e0 d\u2019une vision technique exemplaire, nous sommes une f\u00e9d\u00e9ration qui se veut au service de ses clubs affili\u00e9s !<\/p>\n<p>[\/et_pb_text][\/et_pb_column][\/et_pb_row][\/et_pb_section][et_pb_section fb_built=\u00a0\u00bb1&Prime; next_background_color=\u00a0\u00bb#e2e2e2&Prime; _builder_version=\u00a0\u00bb4.27.2&Prime; custom_padding=\u00a0\u00bb3px|||||\u00a0\u00bb bottom_divider_style=\u00a0\u00bbslant2&Prime; global_colors_info=\u00a0\u00bb{}\u00a0\u00bb][et_pb_row _builder_version=\u00a0\u00bb4.16&Prime; background_size=\u00a0\u00bbinitial\u00a0\u00bb background_position=\u00a0\u00bbtop_left\u00a0\u00bb background_repeat=\u00a0\u00bbrepeat\u00a0\u00bb custom_padding=\u00a0\u00bb||102px|||\u00a0\u00bb global_colors_info=\u00a0\u00bb{}\u00a0\u00bb][et_pb_column type=\u00a0\u00bb4_4&Prime; _builder_version=\u00a0\u00bb4.16&Prime; custom_padding=\u00a0\u00bb|||\u00a0\u00bb global_colors_info=\u00a0\u00bb{}\u00a0\u00bb custom_padding__hover=\u00a0\u00bb|||\u00a0\u00bb][et_pb_text _builder_version=\u00a0\u00bb4.27.4&Prime; _module_preset=\u00a0\u00bbdefault\u00a0\u00bb header_2_font=\u00a0\u00bb|700||on|||||\u00a0\u00bb header_2_text_color=\u00a0\u00bb#c91a1a\u00a0\u00bb header_2_font_size=\u00a0\u00bb40px\u00a0\u00bb header_2_line_height=\u00a0\u00bb1.7em\u00a0\u00bb header_3_font=\u00a0\u00bb|||on|||||\u00a0\u00bb custom_margin=\u00a0\u00bb0px|||||\u00a0\u00bb hover_enabled=\u00a0\u00bb0&Prime; global_colors_info=\u00a0\u00bb{}\u00a0\u00bb sticky_enabled=\u00a0\u00bb0&Prime;]<\/p>\n<h2>Comment ?<\/h2>\n<h3>\u00a0<\/h3>\n<h3>Par une formation technique coh\u00e9rente et suivie dans le temps.<\/h3>\n<p>Nous sommes tous convaincus que l\u2019apprentissage du krav maga doit se faire par la r\u00e9p\u00e9tition des gestes techniques et de la pratique en situation de combat.<br \/>C\u2019est pourquoi, notre m\u00e9thode M.A.R.V.E.L. consiste \u00e0 faire travailler les m\u00eames situations aux pratiquants et ce quel que soit leur niveau d\u2019apprentissage. Le travail se d\u00e9coupera, selon le niveau, \u00e0 chaque \u00e9tape dans la r\u00e9ponse \u00e0 apporter au type d\u2019agression travaill\u00e9.<\/p>\n<h3>\u00a0<\/h3>\n<h3>Par exemple, sur une menace au couteau :<\/h3>\n<ul>\n<li>le d\u00e9butant travaillera d\u2019une fa\u00e7on concentr\u00e9e sur la parade\/esquive.<\/li>\n<li>l\u2019interm\u00e9diaire travaillera en plus le contre.<\/li>\n<li>l\u2019avanc\u00e9 travaillera l\u2019ensemble de la technique allant jusqu\u2019\u00e0 la neutralisation de la menace.<\/li>\n<\/ul>\n<p data-start=\"147\" data-end=\"653\">Ainsi, le pratiquant <strong data-start=\"140\" data-end=\"186\">travaille de fa\u00e7on continue et progressive<\/strong> les techniques tout au long de son apprentissage.<br data-start=\"236\" data-end=\"239\" \/>Il <strong data-start=\"242\" data-end=\"276\">ne se contente pas d\u2019apprendre<\/strong> des techniques \u00e0 un niveau pour ensuite les oublier l\u2019ann\u00e9e suivante, car le programme <strong data-start=\"364\" data-end=\"411\">\u00e9vite tout d\u00e9coupage arbitraire et scolaire<\/strong>.<br data-start=\"412\" data-end=\"415\" \/>Faut-il vraiment attendre le niveau interm\u00e9diaire pour, lorsqu\u2019on est une femme, <strong data-start=\"496\" data-end=\"537\">acqu\u00e9rir les premiers r\u00e9flexes au sol<\/strong> ?<br data-start=\"539\" data-end=\"542\" \/>Cette situation, rappelons-le, <strong data-start=\"573\" data-end=\"607\">repr\u00e9sente la majorit\u00e9 des cas<\/strong> lors d\u2019une tentative de viol.<\/p>\n<p data-start=\"655\" data-end=\"995\">En parall\u00e8le, la pratique en situation de combat \u2014 quel que soit le niveau d\u2019apprentissage \u2014 <strong data-start=\"734\" data-end=\"788\">am\u00e8ne les pratiquants \u00e0 d\u00e9velopper progressivement<\/strong> la gestion des distances, le sens du timing et la ma\u00eetrise du stress.<br data-start=\"858\" data-end=\"861\" \/>Ces comp\u00e9tences <strong data-start=\"877\" data-end=\"901\">restent essentielles<\/strong> et <strong data-start=\"905\" data-end=\"935\">font souvent la diff\u00e9rence<\/strong> dans une situation r\u00e9elle dans la rue.<\/p>\n<p data-start=\"997\" data-end=\"1435\">Notre m\u00e9thode <strong data-start=\"992\" data-end=\"1008\">r\u00e9pond aussi<\/strong> aux besoins des clubs qui <strong data-start=\"1035\" data-end=\"1064\">ne disposent pas toujours<\/strong> de cr\u00e9neaux suffisants pour proposer des cours s\u00e9par\u00e9s par niveau.<br data-start=\"1131\" data-end=\"1134\" \/>Gr\u00e2ce \u00e0 cette logique technique, les instructeurs <strong data-start=\"1184\" data-end=\"1210\">g\u00e8rent plus facilement<\/strong> les cours multi-niveaux.<br data-start=\"1235\" data-end=\"1238\" \/>Les d\u00e9butants <strong data-start=\"1252\" data-end=\"1280\">se motivent en observant<\/strong> la progression des plus avanc\u00e9s. Cette dynamique <strong data-start=\"1333\" data-end=\"1357\">renforce la coh\u00e9sion<\/strong> entre tous les pratiquants d\u2019un m\u00eame club.<\/p>\n<h3>\u00a0<\/h3>\n<h3>Par une formation p\u00e9dagogique adapt\u00e9e et suivie des enseignants.<\/h3>\n<p data-start=\"140\" data-end=\"494\">Le Krav Maga est d\u00e9sormais bien connu du grand public. Les profils des pratiquants se sont beaucoup diversifi\u00e9s.<br data-start=\"254\" data-end=\"257\" \/>Certains y viennent pour la pratique sportive.<br data-start=\"303\" data-end=\"306\" \/>D\u2019autres, parce qu\u2019ils ont un v\u00e9ritable besoin d\u2019obtenir des r\u00e9ponses techniques simples.<br data-start=\"395\" data-end=\"398\" \/>Enfin, certains souhaitent devenir experts, souvent dans le cadre de leur vie professionnelle.<\/p>\n<p data-start=\"496\" data-end=\"840\">L\u2019enseignement se doit d\u2019\u00eatre adapt\u00e9 et d\u2019apporter les r\u00e9ponses attendues par chacun, quel que soit son objectif dans la pratique.<br data-start=\"626\" data-end=\"629\" \/>Il passe aussi, \u00e0 nos yeux, par la capacit\u00e9 d\u2019\u00e9valuer correctement la progression des pratiquants.<br data-start=\"727\" data-end=\"730\" \/>De ce fait, nous nous attachons \u00e0 proposer une m\u00e9thode claire \u00e0 ce sujet, notamment pour les jurys f\u00e9d\u00e9raux.<\/p>\n<p data-start=\"842\" data-end=\"1209\">C\u2019est pourquoi notre f\u00e9d\u00e9ration consacre des temps forts de formation tout au long de la saison, \u00e0 destination des instructeurs.<br data-start=\"970\" data-end=\"973\" \/>Ces moments visent \u00e0 leur apporter des outils p\u00e9dagogiques pertinents qu\u2019ils pourront \u00e0 leur tour utiliser aupr\u00e8s de leurs \u00e9l\u00e8ves.<br data-start=\"1103\" data-end=\"1106\" \/>Par exemple : des contenus d\u2019exercices pour la pr\u00e9paration physique, des m\u00e9thodologies de cours, etc.<\/p>\n<ul>\n<li>Par un principe de grades logiques et attribu\u00e9s de fa\u00e7on juste selon le respect des principes de notre discipline qui mettent ainsi en valeur le krav maga et ses pratiquants.<\/li>\n<\/ul>\n<p>Nous sommes conscients qu\u2019un grade est une \u00e9valuation d\u2019une ma\u00eetrise d\u2019acquis mais seulement \u00e0 un temps donn\u00e9. En effet, notre discipline, comme toute pratique de combat repose sur l\u2019entrainement r\u00e9gulier pour pouvoir progresser. Cependant ce grade n\u2019est pas une \u00ab garantie \u00bb ad vitam eternam si pour une raison ou pour une autre, le pratiquant r\u00e9duit son entrainement et\/ou son apprentissage.<\/p>\n<p data-start=\"135\" data-end=\"409\">C\u2019est pourquoi nous accompagnons l\u2019attribution de nos grades avec un syst\u00e8me de <strong data-start=\"215\" data-end=\"246\">recyclage tous les deux ans<\/strong>, afin de garantir le meilleur niveau possible au sein de notre f\u00e9d\u00e9ration.<br data-start=\"321\" data-end=\"324\" \/>Un recyclage <strong data-start=\"337\" data-end=\"352\">obligatoire<\/strong> est \u00e9galement mis en place pour tous les instructeurs.<\/p>\n<p data-start=\"411\" data-end=\"748\">De plus, gr\u00e2ce \u00e0 la <strong data-start=\"431\" data-end=\"463\">formation des jurys f\u00e9d\u00e9raux<\/strong> et au fait qu\u2019il s\u2019agisse d\u2019un <strong data-start=\"495\" data-end=\"522\">coll\u00e8ge de hauts grad\u00e9s<\/strong> qui \u00e9valuent ensemble les passages f\u00e9d\u00e9raux, nous apportons une r\u00e9elle valeur aux grades d\u00e9cern\u00e9s.<br data-start=\"621\" data-end=\"624\" \/>Cette valeur repose sur des crit\u00e8res \u00e9quitables et partag\u00e9s, et non sur la subjectivit\u00e9 personnelle de quelques personnes.<\/p>\n<p>[\/et_pb_text][\/et_pb_column][\/et_pb_row][\/et_pb_section][et_pb_section fb_built=\u00a0\u00bb1&Prime; _builder_version=\u00a0\u00bb4.27.2&Prime; _module_preset=\u00a0\u00bbdefault\u00a0\u00bb background_color=\u00a0\u00bb#e2e2e2&Prime; custom_padding=\u00a0\u00bb8px|||||\u00a0\u00bb global_colors_info=\u00a0\u00bb{}\u00a0\u00bb][et_pb_row _builder_version=\u00a0\u00bb4.27.2&Prime; _module_preset=\u00a0\u00bbdefault\u00a0\u00bb global_colors_info=\u00a0\u00bb{}\u00a0\u00bb][et_pb_column type=\u00a0\u00bb4_4&Prime; _builder_version=\u00a0\u00bb4.27.2&Prime; _module_preset=\u00a0\u00bbdefault\u00a0\u00bb global_colors_info=\u00a0\u00bb{}\u00a0\u00bb][et_pb_text _builder_version=\u00a0\u00bb4.27.4&Prime; _module_preset=\u00a0\u00bbdefault\u00a0\u00bb header_2_font=\u00a0\u00bb|||on|||||\u00a0\u00bb header_2_font_size=\u00a0\u00bb40px\u00a0\u00bb header_2_line_height=\u00a0\u00bb1.7em\u00a0\u00bb custom_margin=\u00a0\u00bb0px|||||\u00a0\u00bb hover_enabled=\u00a0\u00bb0&Prime; global_colors_info=\u00a0\u00bb{}\u00a0\u00bb sticky_enabled=\u00a0\u00bb0&Prime;]<\/p>\n<h2>Notre Organisation<\/h2>\n<p>Notre organisation est la mise en application de notre conviction que la diversit\u00e9 et la mixit\u00e9 mises au service de valeurs et objectifs communs est la plus grande force d\u2019un groupe.<br \/>Hommes et femmes, de tous horizons et tous profils, avec chacun leurs domaines d\u2019expertises respectifs afin de mettre nos individualit\u00e9s au service de la collectivit\u00e9.<br \/>D\u2019un point de vue administratif, la structure encadrante est compos\u00e9e d\u2019un bureau + tous les responsables des commissions de travail sur les diff\u00e9rents chantiers importants au d\u00e9veloppement de notre discipline \/ organisation.<\/p>\n<h3>\u00a0<\/h3>\n<h3>D\u2019un point de vue op\u00e9rationnel, l\u2019organisation est ax\u00e9e sur 3 p\u00f4les<\/h3>\n<ul>\n<li>Le <strong data-start=\"171\" data-end=\"189\">P\u00f4le Technique<\/strong> d\u00e9ploie un relais r\u00e9gional pr\u00e9sent sur le terrain.<br data-start=\"240\" data-end=\"243\" \/>Il accompagne activement les clubs dans leur int\u00e9gration, leur d\u00e9veloppement et l\u2019apprentissage de la\u00a0<a href=\"https:\/\/www.federationkravmaga.com\/\">m\u00e9thode M.A.R.V.E.L<\/a>.<\/li>\n<li>Le <strong data-start=\"376\" data-end=\"396\">P\u00f4le P\u00e9dagogique<\/strong> met en \u0153uvre un cursus de formation complet.<br data-start=\"441\" data-end=\"444\" \/>Il aide les instructeurs \u00e0 faire \u00e9voluer leur enseignement et \u00e0 l\u2019adapter \u00e0 chaque niveau de pratiquant, selon leurs objectifs : simple pratique sportive, acquisition de r\u00e9flexes de d\u00e9fense ou perfectionnement vers l\u2019expertise.<\/li>\n<li>Les <strong data-start=\"679\" data-end=\"700\">Services Supports<\/strong> fournissent aux clubs une palette d\u2019outils concrets pour all\u00e9ger la charge administrative et renforcer leur communication. Ils proposent notamment une centrale d\u2019achat pour le textile et le mat\u00e9riel d\u2019entra\u00eenement avec des tarifs pr\u00e9f\u00e9rentiels, m\u00eame pour de petites quantit\u00e9s. Ils offrent \u00e9galement un logiciel de gestion administrative et comptable con\u00e7u pour les associations, ainsi qu\u2019un kit de communication pr\u00eat \u00e0 l\u2019emploi pour l\u2019ouverture d\u2019un club.<\/li>\n<li>La <strong data-start=\"1167\" data-end=\"1176\">KMFDA<\/strong> promeut avant tout un <strong data-start=\"1199\" data-end=\"1221\">Krav Maga coh\u00e9rent<\/strong>, \u00e0 la fois sur le plan technique et p\u00e9dagogique.<br data-start=\"1270\" data-end=\"1273\" \/>Le <strong data-start=\"1276\" data-end=\"1296\">Comit\u00e9 Technique<\/strong>, compos\u00e9 de membres issus de diff\u00e9rents clubs et hauts grad\u00e9s, joue un r\u00f4le essentiel dans cette mission.<br data-start=\"1402\" data-end=\"1405\" \/>Nous comptons sur leur expertise et leur engagement pour garantir la qualit\u00e9 et la coh\u00e9rence de notre enseignement.<\/li>\n<\/ul>\n<p>[\/et_pb_text][\/et_pb_column][\/et_pb_row][\/et_pb_section]<\/p>\n","protected":false},"excerpt":{"rendered":"<p>pourquoi nous rejoindre ?Parce que nous sommes une f\u00e9d\u00e9ration qui se veut au service de ses clubs affili\u00e9s ! &nbsp; Krav Maga F\u00e9d\u00e9ration appuie sa r\u00e9flexion technique sur l\u2019exp\u00e9rience de [&hellip;]<\/p>\n","protected":false},"author":1,"featured_media":0,"parent":0,"menu_order":0,"comment_status":"closed","ping_status":"closed","template":"","meta":{"_et_pb_use_builder":"on","_et_pb_old_content":"","_et_gb_content_width":"","footnotes":""},"class_list":["post-236","page","type-page","status-publish","hentry"],"yoast_head":"<!-- This site is optimized with the Yoast SEO plugin v27.1.1 - https:\/\/yoast.com\/product\/yoast-seo-wordpress\/ -->\n<title>Pourquoi rejoindre la KMFDA ? \u2014 Services aux clubs &amp; pratiquants<\/title>\n<meta name=\"description\" content=\"Pourquoi rejoindre la KMFDA : Formation suivie, m\u00e9thode coh\u00e9rente, jurys f\u00e9d\u00e9raux, services mutualis\u00e9s et r\u00e9seau national.\" \/>\n<meta name=\"robots\" content=\"index, follow, max-snippet:-1, max-image-preview:large, max-video-preview:-1\" \/>\n<link rel=\"canonical\" href=\"https:\/\/www.federationkravmaga.com\/index.php\/rejoindre-kmfda\/\" \/>\n<meta property=\"og:locale\" content=\"fr_FR\" \/>\n<meta property=\"og:type\" content=\"article\" \/>\n<meta property=\"og:title\" content=\"Pourquoi rejoindre la KMFDA ? \u2014 Services aux clubs &amp; pratiquants\" \/>\n<meta property=\"og:description\" content=\"Pourquoi rejoindre la KMFDA : Formation suivie, m\u00e9thode coh\u00e9rente, jurys f\u00e9d\u00e9raux, services mutualis\u00e9s et r\u00e9seau national.\" \/>\n<meta property=\"og:url\" content=\"https:\/\/www.federationkravmaga.com\/index.php\/rejoindre-kmfda\/\" \/>\n<meta property=\"og:site_name\" content=\"KMFDA\" \/>\n<meta property=\"article:modified_time\" content=\"2025-10-15T08:43:03+00:00\" \/>\n<meta name=\"twitter:card\" content=\"summary_large_image\" \/>\n<meta name=\"twitter:label1\" content=\"Dur\u00e9e de lecture estim\u00e9e\" \/>\n\t<meta name=\"twitter:data1\" content=\"6 minutes\" \/>\n<script type=\"application\/ld+json\" class=\"yoast-schema-graph\">{\"@context\":\"https:\/\/schema.org\",\"@graph\":[{\"@type\":\"WebPage\",\"@id\":\"https:\/\/www.federationkravmaga.com\/index.php\/rejoindre-kmfda\/\",\"url\":\"https:\/\/www.federationkravmaga.com\/index.php\/rejoindre-kmfda\/\",\"name\":\"Pourquoi rejoindre la KMFDA ? \u2014 Services aux clubs & pratiquants\",\"isPartOf\":{\"@id\":\"https:\/\/www.federationkravmaga.com\/#website\"},\"datePublished\":\"2025-04-03T12:54:28+00:00\",\"dateModified\":\"2025-10-15T08:43:03+00:00\",\"description\":\"Pourquoi rejoindre la KMFDA : Formation suivie, m\u00e9thode coh\u00e9rente, jurys f\u00e9d\u00e9raux, services mutualis\u00e9s et r\u00e9seau national.\",\"breadcrumb\":{\"@id\":\"https:\/\/www.federationkravmaga.com\/index.php\/rejoindre-kmfda\/#breadcrumb\"},\"inLanguage\":\"fr-FR\",\"potentialAction\":[{\"@type\":\"ReadAction\",\"target\":[\"https:\/\/www.federationkravmaga.com\/index.php\/rejoindre-kmfda\/\"]}]},{\"@type\":\"BreadcrumbList\",\"@id\":\"https:\/\/www.federationkravmaga.com\/index.php\/rejoindre-kmfda\/#breadcrumb\",\"itemListElement\":[{\"@type\":\"ListItem\",\"position\":1,\"name\":\"Accueil\",\"item\":\"https:\/\/www.federationkravmaga.com\/\"},{\"@type\":\"ListItem\",\"position\":2,\"name\":\"Pourquoi nous rejoindre\"}]},{\"@type\":\"WebSite\",\"@id\":\"https:\/\/www.federationkravmaga.com\/#website\",\"url\":\"https:\/\/www.federationkravmaga.com\/\",\"name\":\"KMFDA\",\"description\":\"F\u00e9d\u00e9ration de Krav Maga et Disciplines Associ\u00e9es\",\"potentialAction\":[{\"@type\":\"SearchAction\",\"target\":{\"@type\":\"EntryPoint\",\"urlTemplate\":\"https:\/\/www.federationkravmaga.com\/?s={search_term_string}\"},\"query-input\":{\"@type\":\"PropertyValueSpecification\",\"valueRequired\":true,\"valueName\":\"search_term_string\"}}],\"inLanguage\":\"fr-FR\"}]}<\/script>\n<!-- \/ Yoast SEO plugin. -->","yoast_head_json":{"title":"Pourquoi rejoindre la KMFDA ? \u2014 Services aux clubs & pratiquants","description":"Pourquoi rejoindre la KMFDA : Formation suivie, m\u00e9thode coh\u00e9rente, jurys f\u00e9d\u00e9raux, services mutualis\u00e9s et r\u00e9seau national.","robots":{"index":"index","follow":"follow","max-snippet":"max-snippet:-1","max-image-preview":"max-image-preview:large","max-video-preview":"max-video-preview:-1"},"canonical":"https:\/\/www.federationkravmaga.com\/index.php\/rejoindre-kmfda\/","og_locale":"fr_FR","og_type":"article","og_title":"Pourquoi rejoindre la KMFDA ? \u2014 Services aux clubs & pratiquants","og_description":"Pourquoi rejoindre la KMFDA : Formation suivie, m\u00e9thode coh\u00e9rente, jurys f\u00e9d\u00e9raux, services mutualis\u00e9s et r\u00e9seau national.","og_url":"https:\/\/www.federationkravmaga.com\/index.php\/rejoindre-kmfda\/","og_site_name":"KMFDA","article_modified_time":"2025-10-15T08:43:03+00:00","twitter_card":"summary_large_image","twitter_misc":{"Dur\u00e9e de lecture estim\u00e9e":"6 minutes"},"schema":{"@context":"https:\/\/schema.org","@graph":[{"@type":"WebPage","@id":"https:\/\/www.federationkravmaga.com\/index.php\/rejoindre-kmfda\/","url":"https:\/\/www.federationkravmaga.com\/index.php\/rejoindre-kmfda\/","name":"Pourquoi rejoindre la KMFDA ? \u2014 Services aux clubs & pratiquants","isPartOf":{"@id":"https:\/\/www.federationkravmaga.com\/#website"},"datePublished":"2025-04-03T12:54:28+00:00","dateModified":"2025-10-15T08:43:03+00:00","description":"Pourquoi rejoindre la KMFDA : Formation suivie, m\u00e9thode coh\u00e9rente, jurys f\u00e9d\u00e9raux, services mutualis\u00e9s et r\u00e9seau national.","breadcrumb":{"@id":"https:\/\/www.federationkravmaga.com\/index.php\/rejoindre-kmfda\/#breadcrumb"},"inLanguage":"fr-FR","potentialAction":[{"@type":"ReadAction","target":["https:\/\/www.federationkravmaga.com\/index.php\/rejoindre-kmfda\/"]}]},{"@type":"BreadcrumbList","@id":"https:\/\/www.federationkravmaga.com\/index.php\/rejoindre-kmfda\/#breadcrumb","itemListElement":[{"@type":"ListItem","position":1,"name":"Accueil","item":"https:\/\/www.federationkravmaga.com\/"},{"@type":"ListItem","position":2,"name":"Pourquoi nous rejoindre"}]},{"@type":"WebSite","@id":"https:\/\/www.federationkravmaga.com\/#website","url":"https:\/\/www.federationkravmaga.com\/","name":"KMFDA","description":"F\u00e9d\u00e9ration de Krav Maga et Disciplines Associ\u00e9es","potentialAction":[{"@type":"SearchAction","target":{"@type":"EntryPoint","urlTemplate":"https:\/\/www.federationkravmaga.com\/?s={search_term_string}"},"query-input":{"@type":"PropertyValueSpecification","valueRequired":true,"valueName":"search_term_string"}}],"inLanguage":"fr-FR"}]}},"_links":{"self":[{"href":"https:\/\/www.federationkravmaga.com\/index.php\/wp-json\/wp\/v2\/pages\/236","targetHints":{"allow":["GET"]}}],"collection":[{"href":"https:\/\/www.federationkravmaga.com\/index.php\/wp-json\/wp\/v2\/pages"}],"about":[{"href":"https:\/\/www.federationkravmaga.com\/index.php\/wp-json\/wp\/v2\/types\/page"}],"author":[{"embeddable":true,"href":"https:\/\/www.federationkravmaga.com\/index.php\/wp-json\/wp\/v2\/users\/1"}],"replies":[{"embeddable":true,"href":"https:\/\/www.federationkravmaga.com\/index.php\/wp-json\/wp\/v2\/comments?post=236"}],"version-history":[{"count":11,"href":"https:\/\/www.federationkravmaga.com\/index.php\/wp-json\/wp\/v2\/pages\/236\/revisions"}],"predecessor-version":[{"id":721,"href":"https:\/\/www.federationkravmaga.com\/index.php\/wp-json\/wp\/v2\/pages\/236\/revisions\/721"}],"wp:attachment":[{"href":"https:\/\/www.federationkravmaga.com\/index.php\/wp-json\/wp\/v2\/media?parent=236"}],"curies":[{"name":"wp","href":"https:\/\/api.w.org\/{rel}","templated":true}]}}