{"id":251,"date":"2025-04-17T10:12:00","date_gmt":"2025-04-17T08:12:00","guid":{"rendered":"https:\/\/www.federationkravmaga.fr\/?page_id=251"},"modified":"2025-10-15T10:14:28","modified_gmt":"2025-10-15T08:14:28","slug":"formation","status":"publish","type":"page","link":"https:\/\/www.federationkravmaga.com\/index.php\/formation\/","title":{"rendered":"Formation"},"content":{"rendered":"<p>[et_pb_section fb_built=\u00a0\u00bb1&Prime; admin_label=\u00a0\u00bbHeader\u00a0\u00bb _builder_version=\u00a0\u00bb4.27.2&Prime; _module_preset=\u00a0\u00bbdefault\u00a0\u00bb use_background_color_gradient=\u00a0\u00bbon\u00a0\u00bb background_color_gradient_direction=\u00a0\u00bb90deg\u00a0\u00bb background_color_gradient_stops=\u00a0\u00bbrgba(255,255,255,0) 0%|rgba(0,0,0,0.88) 100%\u00a0\u00bb background_color_gradient_overlays_image=\u00a0\u00bbon\u00a0\u00bb background_image=\u00a0\u00bbhttps:\/\/www.federationkravmaga.com\/wp-content\/uploads\/2025\/05\/couv-formation.jpg\u00a0\u00bb custom_padding=\u00a0\u00bb10vw||10vw||true|false\u00a0\u00bb locked=\u00a0\u00bboff\u00a0\u00bb collapsed=\u00a0\u00bbon\u00a0\u00bb global_colors_info=\u00a0\u00bb{}\u00a0\u00bb][et_pb_row _builder_version=\u00a0\u00bb4.27.2&Prime; _module_preset=\u00a0\u00bbdefault\u00a0\u00bb global_colors_info=\u00a0\u00bb{}\u00a0\u00bb][et_pb_column type=\u00a0\u00bb4_4&Prime; _builder_version=\u00a0\u00bb4.27.2&Prime; _module_preset=\u00a0\u00bbdefault\u00a0\u00bb global_colors_info=\u00a0\u00bb{}\u00a0\u00bb][et_pb_text _builder_version=\u00a0\u00bb4.27.4&Prime; _module_preset=\u00a0\u00bb7d27b5d1-10c8-43e5-8f9a-7e49b62a0b40&Prime; header_font=\u00a0\u00bbOswald|700||on|||||\u00a0\u00bb header_text_color=\u00a0\u00bb#FFFFFF\u00a0\u00bb header_font_size=\u00a0\u00bb5vw\u00a0\u00bb header_line_height=\u00a0\u00bb1.2em\u00a0\u00bb text_orientation=\u00a0\u00bbright\u00a0\u00bb width=\u00a0\u00bb72%\u00a0\u00bb module_alignment=\u00a0\u00bbright\u00a0\u00bb custom_margin=\u00a0\u00bb||10px|-192px|false|false\u00a0\u00bb header_font_size_tablet=\u00a0\u00bb5vw\u00a0\u00bb header_font_size_phone=\u00a0\u00bb10vw\u00a0\u00bb header_font_size_last_edited=\u00a0\u00bbon|phone\u00a0\u00bb global_colors_info=\u00a0\u00bb{}\u00a0\u00bb]<\/p>\n<h1>formation<\/h1>\n<p>[\/et_pb_text][\/et_pb_column][\/et_pb_row][\/et_pb_section][et_pb_section fb_built=\u00a0\u00bb1&Prime; admin_label=\u00a0\u00bbHeader\u00a0\u00bb _builder_version=\u00a0\u00bb4.22.1&Prime; _module_preset=\u00a0\u00bbdefault\u00a0\u00bb collapsed=\u00a0\u00bbon\u00a0\u00bb global_colors_info=\u00a0\u00bb{}\u00a0\u00bb][et_pb_row _builder_version=\u00a0\u00bb4.27.2&Prime; _module_preset=\u00a0\u00bbdefault\u00a0\u00bb global_colors_info=\u00a0\u00bb{}\u00a0\u00bb][et_pb_column type=\u00a0\u00bb4_4&Prime; _builder_version=\u00a0\u00bb4.27.2&Prime; _module_preset=\u00a0\u00bbdefault\u00a0\u00bb global_colors_info=\u00a0\u00bb{}\u00a0\u00bb][et_pb_text _builder_version=\u00a0\u00bb4.27.4&Prime; _module_preset=\u00a0\u00bbdefault\u00a0\u00bb text_font_size=\u00a0\u00bb17px\u00a0\u00bb hover_enabled=\u00a0\u00bb0&Prime; global_colors_info=\u00a0\u00bb{}\u00a0\u00bb sticky_enabled=\u00a0\u00bb0&Prime;]<\/p>\n<p>Nous sommes conscients que la promotion et le d\u00e9veloppement de notre discipline passe en premier lieu par les instructeurs.\u00a0 Ils l\u2019enseignent au quotidien dans leurs clubs. Nous avons mis en place un v\u00e9ritable cursus de formation tout au long de la saison. Il a pour objectif de vous accompagner dans l\u2019acquisition de notre concept <strong>M.A.R.V.E.L.<\/strong><\/p>\n<p>[\/et_pb_text][\/et_pb_column][\/et_pb_row][et_pb_row _builder_version=\u00a0\u00bb4.27.2&Prime; _module_preset=\u00a0\u00bbdefault\u00a0\u00bb custom_margin=\u00a0\u00bb8px||||false|false\u00a0\u00bb custom_padding=\u00a0\u00bb53px||53px||true|false\u00a0\u00bb global_colors_info=\u00a0\u00bb{}\u00a0\u00bb][et_pb_column type=\u00a0\u00bb4_4&Prime; _builder_version=\u00a0\u00bb4.27.2&Prime; _module_preset=\u00a0\u00bbdefault\u00a0\u00bb global_colors_info=\u00a0\u00bb{}\u00a0\u00bb][et_pb_text _builder_version=\u00a0\u00bb4.27.2&Prime; _module_preset=\u00a0\u00bbdefault\u00a0\u00bb header_3_text_align=\u00a0\u00bbcenter\u00a0\u00bb header_3_font_size=\u00a0\u00bb29px\u00a0\u00bb global_colors_info=\u00a0\u00bb{}\u00a0\u00bb]<\/p>\n<h3>Ce cursus repose sur les 3 fondamentaux :<\/h3>\n<p>[\/et_pb_text][\/et_pb_column][\/et_pb_row][et_pb_row column_structure=\u00a0\u00bb1_3,1_3,1_3&Prime; _builder_version=\u00a0\u00bb4.27.2&Prime; _module_preset=\u00a0\u00bbdefault\u00a0\u00bb custom_padding=\u00a0\u00bb9px||10px|||\u00a0\u00bb global_colors_info=\u00a0\u00bb{}\u00a0\u00bb][et_pb_column type=\u00a0\u00bb1_3&Prime; _builder_version=\u00a0\u00bb4.22.1&Prime; _module_preset=\u00a0\u00bbdefault\u00a0\u00bb global_colors_info=\u00a0\u00bb{}\u00a0\u00bb][et_pb_blurb title=\u00a0\u00bbModule Programme Technique :\u00a0\u00bb _builder_version=\u00a0\u00bb4.27.2&Prime; _module_preset=\u00a0\u00bbdefault\u00a0\u00bb text_orientation=\u00a0\u00bbjustified\u00a0\u00bb global_colors_info=\u00a0\u00bb{}\u00a0\u00bb]<\/p>\n<p>d\u00e9roul\u00e9 de l\u2019ensemble des r\u00e9servoirs techniques par niveau, compr\u00e9hension et r\u00e9flexion sur les situations, gestion des mises en pratique en situation de combat etc\u2026<\/p>\n<p>[\/et_pb_blurb][\/et_pb_column][et_pb_column type=\u00a0\u00bb1_3&Prime; _builder_version=\u00a0\u00bb4.22.1&Prime; _module_preset=\u00a0\u00bbdefault\u00a0\u00bb global_colors_info=\u00a0\u00bb{}\u00a0\u00bb][et_pb_blurb title=\u00a0\u00bbModule Enseignement P\u00e9dagogique :\u00a0\u00bb _builder_version=\u00a0\u00bb4.27.2&Prime; _module_preset=\u00a0\u00bbdefault\u00a0\u00bb text_orientation=\u00a0\u00bbjustified\u00a0\u00bb global_colors_info=\u00a0\u00bb{}\u00a0\u00bb]<\/p>\n<p>d\u00e9roul\u00e9 d\u2019un cours, approche psychologique par profil de pratiquant, compr\u00e9hension de la bio-m\u00e9canique, support pr\u00e9paration physique adapt\u00e9e au sports de combat etc\u2026<\/p>\n<p>[\/et_pb_blurb][\/et_pb_column][et_pb_column type=\u00a0\u00bb1_3&Prime; _builder_version=\u00a0\u00bb4.22.1&Prime; _module_preset=\u00a0\u00bbdefault\u00a0\u00bb global_colors_info=\u00a0\u00bb{}\u00a0\u00bb][et_pb_blurb title=\u00a0\u00bbModule R\u00e9f\u00e9rence pour \u00eatre jury :\u00a0\u00bb _builder_version=\u00a0\u00bb4.27.2&Prime; _module_preset=\u00a0\u00bbdefault\u00a0\u00bb text_orientation=\u00a0\u00bbjustified\u00a0\u00bb global_colors_info=\u00a0\u00bb{}\u00a0\u00bb]<\/p>\n<p>appr\u00e9hension des crit\u00e8res d\u2019\u00e9valuation, gestion du candidat, objectifs de l\u2019attribution des grades etc\u2026<br \/>Afin de tenir compte des contraintes que l\u2019on a tous, nous avons r\u00e9partis ces formations sur 5 rendez-vous annuels connus \u00e0 l\u2019avance avant chaque saison.<\/p>\n<p>[\/et_pb_blurb][\/et_pb_column][\/et_pb_row][et_pb_row _builder_version=\u00a0\u00bb4.27.2&Prime; _module_preset=\u00a0\u00bbdefault\u00a0\u00bb custom_padding=\u00a0\u00bb43px|||||\u00a0\u00bb global_colors_info=\u00a0\u00bb{}\u00a0\u00bb][et_pb_column type=\u00a0\u00bb4_4&Prime; _builder_version=\u00a0\u00bb4.27.2&Prime; _module_preset=\u00a0\u00bbdefault\u00a0\u00bb global_colors_info=\u00a0\u00bb{}\u00a0\u00bb][et_pb_text _builder_version=\u00a0\u00bb4.27.2&Prime; _module_preset=\u00a0\u00bbdefault\u00a0\u00bb global_colors_info=\u00a0\u00bb{}\u00a0\u00bb]<\/p>\n<h3>Il vous faut vous r\u00e9f\u00e9rer au calendrier f\u00e9d\u00e9ral pour les dates pr\u00e9cises mais la r\u00e9partition se fait au global comme suit :<\/h3>\n<ul>\n<li><strong>fin ao\u00fbt &gt;&gt;<\/strong> stage pre-rentr\u00e9e technique instructeurs : r\u00e9vision compl\u00e8te pour bien d\u00e9marrer la saison \u00e0 venir<\/li>\n<li><strong>mi novembre &gt;&gt;<\/strong> module D.I.F. : support pour la p\u00e9dagogie de cours adapt\u00e9e aux diff\u00e9rents profils de pratiquants<\/li>\n<li><strong>mi-d\u00e9cembre &gt;&gt;<\/strong> stage f\u00e9d\u00e9ral d\u2019hiver : technique et ouverture<\/li>\n<li><strong>mi-mai &gt;&gt;<\/strong> s\u00e9minaire des clubs : bilan de la saison en cours et travail des projets \u00e0 venir<\/li>\n<li><strong>d\u00e9but juin &gt;&gt;<\/strong> formation des jurys et passage de grades f\u00e9d\u00e9ral<\/li>\n<\/ul>\n<p>&nbsp;<\/p>\n<p>Et parce que nous souhaitons r\u00e9ellement supporter nos clubs affili\u00e9s, la formation des instructeurs est offerte : seuls les frais de d\u00e9placement et d\u2019h\u00e9bergement restent \u00e0 leurs charges.<br \/>Ces formations sont la garantie du niveau d\u2019exigence et d\u2019excellence que nous souhaitons offrir \u00e0 nos pratiquants : c\u2019est pourquoi les clubs s\u2019engagent \u00e0 \u00eatre repr\u00e9sent\u00e9s par au moins 1 personne de leur \u00e9quipe p\u00e9dagogique \u00e0 l\u2019ensemble de ces rdv.<\/p>\n<p>[\/et_pb_text][\/et_pb_column][\/et_pb_row][\/et_pb_section]<\/p>\n","protected":false},"excerpt":{"rendered":"<p>formationNous sommes conscients que la promotion et le d\u00e9veloppement de notre discipline passe en premier lieu par les instructeurs.\u00a0 Ils l\u2019enseignent au quotidien dans leurs clubs. Nous avons mis en [&hellip;]<\/p>\n","protected":false},"author":1,"featured_media":0,"parent":0,"menu_order":0,"comment_status":"closed","ping_status":"closed","template":"","meta":{"_et_pb_use_builder":"on","_et_pb_old_content":"","_et_gb_content_width":"","footnotes":""},"class_list":["post-251","page","type-page","status-publish","hentry"],"yoast_head":"<!-- This site is optimized with the Yoast SEO plugin v27.1.1 - https:\/\/yoast.com\/product\/yoast-seo-wordpress\/ -->\n<title>Formation Krav Maga \u2014 Modules &amp; instructeurs | KMFDA<\/title>\n<meta name=\"description\" content=\"D\u00e9couvrez les formations KMFDA : modules p\u00e9dagogiques, formation instructeur, recyclage technique et accompagnement permanent pour les clubs.\" \/>\n<meta name=\"robots\" content=\"index, follow, max-snippet:-1, max-image-preview:large, max-video-preview:-1\" \/>\n<link rel=\"canonical\" href=\"https:\/\/www.federationkravmaga.com\/index.php\/formation\/\" \/>\n<meta property=\"og:locale\" content=\"fr_FR\" \/>\n<meta property=\"og:type\" content=\"article\" \/>\n<meta property=\"og:title\" content=\"Formation Krav Maga \u2014 Modules &amp; instructeurs | KMFDA\" \/>\n<meta property=\"og:description\" content=\"D\u00e9couvrez les formations KMFDA : modules p\u00e9dagogiques, formation instructeur, recyclage technique et accompagnement permanent pour les clubs.\" \/>\n<meta property=\"og:url\" content=\"https:\/\/www.federationkravmaga.com\/index.php\/formation\/\" \/>\n<meta property=\"og:site_name\" content=\"KMFDA\" \/>\n<meta property=\"article:modified_time\" content=\"2025-10-15T08:14:28+00:00\" \/>\n<meta name=\"twitter:card\" content=\"summary_large_image\" \/>\n<meta name=\"twitter:label1\" content=\"Dur\u00e9e de lecture estim\u00e9e\" \/>\n\t<meta name=\"twitter:data1\" content=\"2 minutes\" \/>\n<script type=\"application\/ld+json\" class=\"yoast-schema-graph\">{\"@context\":\"https:\/\/schema.org\",\"@graph\":[{\"@type\":\"WebPage\",\"@id\":\"https:\/\/www.federationkravmaga.com\/index.php\/formation\/\",\"url\":\"https:\/\/www.federationkravmaga.com\/index.php\/formation\/\",\"name\":\"Formation Krav Maga \u2014 Modules & instructeurs | KMFDA\",\"isPartOf\":{\"@id\":\"https:\/\/www.federationkravmaga.com\/#website\"},\"datePublished\":\"2025-04-17T08:12:00+00:00\",\"dateModified\":\"2025-10-15T08:14:28+00:00\",\"description\":\"D\u00e9couvrez les formations KMFDA : modules p\u00e9dagogiques, formation instructeur, recyclage technique et accompagnement permanent pour les clubs.\",\"breadcrumb\":{\"@id\":\"https:\/\/www.federationkravmaga.com\/index.php\/formation\/#breadcrumb\"},\"inLanguage\":\"fr-FR\",\"potentialAction\":[{\"@type\":\"ReadAction\",\"target\":[\"https:\/\/www.federationkravmaga.com\/index.php\/formation\/\"]}]},{\"@type\":\"BreadcrumbList\",\"@id\":\"https:\/\/www.federationkravmaga.com\/index.php\/formation\/#breadcrumb\",\"itemListElement\":[{\"@type\":\"ListItem\",\"position\":1,\"name\":\"Accueil\",\"item\":\"https:\/\/www.federationkravmaga.com\/\"},{\"@type\":\"ListItem\",\"position\":2,\"name\":\"Formation\"}]},{\"@type\":\"WebSite\",\"@id\":\"https:\/\/www.federationkravmaga.com\/#website\",\"url\":\"https:\/\/www.federationkravmaga.com\/\",\"name\":\"KMFDA\",\"description\":\"F\u00e9d\u00e9ration de Krav Maga et Disciplines Associ\u00e9es\",\"potentialAction\":[{\"@type\":\"SearchAction\",\"target\":{\"@type\":\"EntryPoint\",\"urlTemplate\":\"https:\/\/www.federationkravmaga.com\/?s={search_term_string}\"},\"query-input\":{\"@type\":\"PropertyValueSpecification\",\"valueRequired\":true,\"valueName\":\"search_term_string\"}}],\"inLanguage\":\"fr-FR\"}]}<\/script>\n<!-- \/ Yoast SEO plugin. -->","yoast_head_json":{"title":"Formation Krav Maga \u2014 Modules & instructeurs | KMFDA","description":"D\u00e9couvrez les formations KMFDA : modules p\u00e9dagogiques, formation instructeur, recyclage technique et accompagnement permanent pour les clubs.","robots":{"index":"index","follow":"follow","max-snippet":"max-snippet:-1","max-image-preview":"max-image-preview:large","max-video-preview":"max-video-preview:-1"},"canonical":"https:\/\/www.federationkravmaga.com\/index.php\/formation\/","og_locale":"fr_FR","og_type":"article","og_title":"Formation Krav Maga \u2014 Modules & instructeurs | KMFDA","og_description":"D\u00e9couvrez les formations KMFDA : modules p\u00e9dagogiques, formation instructeur, recyclage technique et accompagnement permanent pour les clubs.","og_url":"https:\/\/www.federationkravmaga.com\/index.php\/formation\/","og_site_name":"KMFDA","article_modified_time":"2025-10-15T08:14:28+00:00","twitter_card":"summary_large_image","twitter_misc":{"Dur\u00e9e de lecture estim\u00e9e":"2 minutes"},"schema":{"@context":"https:\/\/schema.org","@graph":[{"@type":"WebPage","@id":"https:\/\/www.federationkravmaga.com\/index.php\/formation\/","url":"https:\/\/www.federationkravmaga.com\/index.php\/formation\/","name":"Formation Krav Maga \u2014 Modules & instructeurs | KMFDA","isPartOf":{"@id":"https:\/\/www.federationkravmaga.com\/#website"},"datePublished":"2025-04-17T08:12:00+00:00","dateModified":"2025-10-15T08:14:28+00:00","description":"D\u00e9couvrez les formations KMFDA : modules p\u00e9dagogiques, formation instructeur, recyclage technique et accompagnement permanent pour les clubs.","breadcrumb":{"@id":"https:\/\/www.federationkravmaga.com\/index.php\/formation\/#breadcrumb"},"inLanguage":"fr-FR","potentialAction":[{"@type":"ReadAction","target":["https:\/\/www.federationkravmaga.com\/index.php\/formation\/"]}]},{"@type":"BreadcrumbList","@id":"https:\/\/www.federationkravmaga.com\/index.php\/formation\/#breadcrumb","itemListElement":[{"@type":"ListItem","position":1,"name":"Accueil","item":"https:\/\/www.federationkravmaga.com\/"},{"@type":"ListItem","position":2,"name":"Formation"}]},{"@type":"WebSite","@id":"https:\/\/www.federationkravmaga.com\/#website","url":"https:\/\/www.federationkravmaga.com\/","name":"KMFDA","description":"F\u00e9d\u00e9ration de Krav Maga et Disciplines Associ\u00e9es","potentialAction":[{"@type":"SearchAction","target":{"@type":"EntryPoint","urlTemplate":"https:\/\/www.federationkravmaga.com\/?s={search_term_string}"},"query-input":{"@type":"PropertyValueSpecification","valueRequired":true,"valueName":"search_term_string"}}],"inLanguage":"fr-FR"}]}},"_links":{"self":[{"href":"https:\/\/www.federationkravmaga.com\/index.php\/wp-json\/wp\/v2\/pages\/251","targetHints":{"allow":["GET"]}}],"collection":[{"href":"https:\/\/www.federationkravmaga.com\/index.php\/wp-json\/wp\/v2\/pages"}],"about":[{"href":"https:\/\/www.federationkravmaga.com\/index.php\/wp-json\/wp\/v2\/types\/page"}],"author":[{"embeddable":true,"href":"https:\/\/www.federationkravmaga.com\/index.php\/wp-json\/wp\/v2\/users\/1"}],"replies":[{"embeddable":true,"href":"https:\/\/www.federationkravmaga.com\/index.php\/wp-json\/wp\/v2\/comments?post=251"}],"version-history":[{"count":14,"href":"https:\/\/www.federationkravmaga.com\/index.php\/wp-json\/wp\/v2\/pages\/251\/revisions"}],"predecessor-version":[{"id":717,"href":"https:\/\/www.federationkravmaga.com\/index.php\/wp-json\/wp\/v2\/pages\/251\/revisions\/717"}],"wp:attachment":[{"href":"https:\/\/www.federationkravmaga.com\/index.php\/wp-json\/wp\/v2\/media?parent=251"}],"curies":[{"name":"wp","href":"https:\/\/api.w.org\/{rel}","templated":true}]}}