{"id":258,"date":"2025-04-17T10:41:04","date_gmt":"2025-04-17T08:41:04","guid":{"rendered":"https:\/\/www.federationkravmaga.fr\/?page_id=258"},"modified":"2025-11-28T10:38:10","modified_gmt":"2025-11-28T09:38:10","slug":"certification-clubs","status":"publish","type":"page","link":"https:\/\/www.federationkravmaga.com\/index.php\/certification-clubs\/","title":{"rendered":"CERTIFICATION CLUBS"},"content":{"rendered":"<p>[et_pb_section fb_built=\u00a0\u00bb1&Prime; admin_label=\u00a0\u00bbHeader\u00a0\u00bb _builder_version=\u00a0\u00bb4.27.2&Prime; _module_preset=\u00a0\u00bbdefault\u00a0\u00bb use_background_color_gradient=\u00a0\u00bbon\u00a0\u00bb background_color_gradient_direction=\u00a0\u00bb90deg\u00a0\u00bb background_color_gradient_stops=\u00a0\u00bbrgba(255,255,255,0) 0%|#000000 100%\u00a0\u00bb background_color_gradient_overlays_image=\u00a0\u00bbon\u00a0\u00bb background_image=\u00a0\u00bbhttps:\/\/www.federationkravmaga.com\/wp-content\/uploads\/2025\/05\/couv-page-certification.jpg\u00a0\u00bb background_position=\u00a0\u00bbtop_center\u00a0\u00bb custom_padding=\u00a0\u00bb12vw||12vw||true|false\u00a0\u00bb locked=\u00a0\u00bboff\u00a0\u00bb collapsed=\u00a0\u00bbon\u00a0\u00bb global_colors_info=\u00a0\u00bb{}\u00a0\u00bb][et_pb_row _builder_version=\u00a0\u00bb4.27.2&Prime; _module_preset=\u00a0\u00bbdefault\u00a0\u00bb global_colors_info=\u00a0\u00bb{}\u00a0\u00bb][et_pb_column type=\u00a0\u00bb4_4&Prime; _builder_version=\u00a0\u00bb4.27.2&Prime; _module_preset=\u00a0\u00bbdefault\u00a0\u00bb global_colors_info=\u00a0\u00bb{}\u00a0\u00bb][et_pb_text _builder_version=\u00a0\u00bb4.27.4&Prime; _module_preset=\u00a0\u00bb7d27b5d1-10c8-43e5-8f9a-7e49b62a0b40&Prime; header_font=\u00a0\u00bbOswald|700||on|||||\u00a0\u00bb header_text_color=\u00a0\u00bb#FFFFFF\u00a0\u00bb header_font_size=\u00a0\u00bb5vw\u00a0\u00bb header_line_height=\u00a0\u00bb1.2em\u00a0\u00bb text_orientation=\u00a0\u00bbright\u00a0\u00bb width=\u00a0\u00bb72%\u00a0\u00bb module_alignment=\u00a0\u00bbright\u00a0\u00bb custom_margin=\u00a0\u00bb||10px|-192px|false|false\u00a0\u00bb header_font_size_tablet=\u00a0\u00bb5vw\u00a0\u00bb header_font_size_phone=\u00a0\u00bb8vw\u00a0\u00bb header_font_size_last_edited=\u00a0\u00bbon|phone\u00a0\u00bb global_colors_info=\u00a0\u00bb{}\u00a0\u00bb]<\/p>\n<h1>CERTIFICATION CLUBS<\/h1>\n<p>[\/et_pb_text][\/et_pb_column][\/et_pb_row][\/et_pb_section][et_pb_section fb_built=\u00a0\u00bb1&Prime; admin_label=\u00a0\u00bbHeader\u00a0\u00bb _builder_version=\u00a0\u00bb4.22.1&Prime; _module_preset=\u00a0\u00bbdefault\u00a0\u00bb custom_padding=\u00a0\u00bb||15px|||\u00a0\u00bb collapsed=\u00a0\u00bbon\u00a0\u00bb global_colors_info=\u00a0\u00bb{}\u00a0\u00bb][et_pb_row _builder_version=\u00a0\u00bb4.27.2&Prime; _module_preset=\u00a0\u00bbdefault\u00a0\u00bb global_colors_info=\u00a0\u00bb{}\u00a0\u00bb][et_pb_column type=\u00a0\u00bb4_4&Prime; _builder_version=\u00a0\u00bb4.27.2&Prime; _module_preset=\u00a0\u00bbdefault\u00a0\u00bb global_colors_info=\u00a0\u00bb{}\u00a0\u00bb][et_pb_text _builder_version=\u00a0\u00bb4.27.4&Prime; _module_preset=\u00a0\u00bbdefault\u00a0\u00bb text_font_size=\u00a0\u00bb16px\u00a0\u00bb header_font_size=\u00a0\u00bb31px\u00a0\u00bb text_orientation=\u00a0\u00bbcenter\u00a0\u00bb global_colors_info=\u00a0\u00bb{}\u00a0\u00bb]<\/p>\n<div class=\"wpb_text_column wpb_content_element \">\n<div class=\"wpb_wrapper\">\n<p>Les certifications clubs <strong data-start=\"205\" data-end=\"214\">KMFDA<\/strong> garantit la qualit\u00e9 p\u00e9dagogique, la s\u00e9curit\u00e9 et l\u2019uniformit\u00e9 technique sur tout le territoire.<\/p>\n<p>Elle s\u2019appuie sur des crit\u00e8res pr\u00e9cis en coh\u00e9rence avec les standards du <strong data-start=\"383\" data-end=\"438\"><a class=\"decorated-link cursor-pointer\" href=\"https:\/\/www.sports.gouv.fr\/\" target=\"_new\" rel=\"noopener\" data-start=\"385\" data-end=\"436\">Minist\u00e8re des Sports<\/a><\/strong> et valorise les structures engag\u00e9es dans un enseignement fid\u00e8le \u00e0 la m\u00e9thode <strong data-start=\"516\" data-end=\"532\">M.A.R.V.E.L.<\/strong>.<\/p>\n<p>La formation est l\u2019un des piliers de la F\u00e9d\u00e9ration : retrouvez ici toutes les <strong data-start=\"612\" data-end=\"663\">certifications f\u00e9d\u00e9rales obtenues par les clubs<\/strong>. La formation se doit d\u2019\u00eatre continue, c\u2019est pourquoi la KMFDA encourage les clubs \u00e0 suivre chaque saison diff\u00e9rents modules p\u00e9dagogiques.<\/p>\n<p>Cette d\u00e9marche s\u2019inscrit dans l\u2019<strong data-start=\"835\" data-end=\"953\"><a class=\"decorated-link cursor-pointer\" target=\"_new\" rel=\"noopener\" data-start=\"837\" data-end=\"951\">affiliation officielle \u00e0 la F\u00e9d\u00e9ration de Krav Maga<\/a><\/strong>, incluant licences, assurance, jurys f\u00e9d\u00e9raux et accompagnement technique.<\/p>\n<p>Pour valoriser votre structure, <strong data-start=\"1272\" data-end=\"1346\"><a class=\"decorated-link cursor-pointer\" href=\"https:\/\/www.federationkravmaga.com\/index.php\/contact\/\" target=\"_new\" rel=\"noopener\" data-start=\"1274\" data-end=\"1344\">contactez la F\u00e9d\u00e9ration<\/a><\/strong> et obtenez la certification officielle KMFDA.<\/p>\n<\/div>\n<\/div>\n<p>[\/et_pb_text][\/et_pb_column][\/et_pb_row][et_pb_row _builder_version=\u00a0\u00bb4.27.2&Prime; _module_preset=\u00a0\u00bbdefault\u00a0\u00bb custom_margin=\u00a0\u00bb|auto|-21px|auto||\u00a0\u00bb global_colors_info=\u00a0\u00bb{}\u00a0\u00bb][et_pb_column type=\u00a0\u00bb4_4&Prime; _builder_version=\u00a0\u00bb4.22.1&Prime; _module_preset=\u00a0\u00bbdefault\u00a0\u00bb global_colors_info=\u00a0\u00bb{}\u00a0\u00bb][et_pb_divider _builder_version=\u00a0\u00bb4.27.2&Prime; _module_preset=\u00a0\u00bbdefault\u00a0\u00bb global_colors_info=\u00a0\u00bb{}\u00a0\u00bb][\/et_pb_divider][et_pb_text _builder_version=\u00a0\u00bb4.27.2&Prime; _module_preset=\u00a0\u00bbd5cc805c-beac-4f35-b772-fb136bda94fd\u00a0\u00bb header_2_font=\u00a0\u00bb|||on|||||\u00a0\u00bb header_2_text_align=\u00a0\u00bbcenter\u00a0\u00bb header_2_text_color=\u00a0\u00bb#E02B20&Prime; header_2_font_size=\u00a0\u00bb45px\u00a0\u00bb global_colors_info=\u00a0\u00bb{}\u00a0\u00bb]<\/p>\n<div class=\"leaf_row\">\n<div class=\"vc_row wpb_row vc_row-fluid\">\n<div class=\"wpb_column vc_column_container vc_col-sm-12\">\n<div class=\"vc_column-inner\">\n<div class=\"wpb_wrapper\">\n<div class=\"wpb_text_column wpb_content_element \">\n<div class=\"wpb_wrapper\"><\/div>\n<\/div>\n<div class=\"wpb_text_column wpb_content_element \">\n<div class=\"wpb_wrapper\">\n<div class=\"elementor-element elementor-element-7cab016 elementor-widget elementor-widget-heading\" data-id=\"7cab016\" data-element_type=\"heading.default\">\n<div class=\"elementor-widget-container\">\n<div class=\"elementor-element elementor-element-60f9e38 elementor-widget elementor-widget-heading\" data-id=\"60f9e38\" data-element_type=\"heading.default\">\n<div class=\"elementor-widget-container\">\n<h2>MONITORAT<\/h2>\n<\/div>\n<\/div>\n<\/div>\n<\/div>\n<p>&nbsp;<\/p>\n<p>La p\u00e9dagogie est fondamentale quand on enseigne notre discipline afin de pouvoir s\u2019adapter aux pratiquants auxquels on enseigne et les accompagner\/emmener le plus loin possible dans leur progression\/ma\u00eetrise selon leurs objectifs respectifs.<\/p>\n<p>Le module Monitorat a pour vocation de supporter les instructeurs\/initiateurs de nos clubs pour pr\u00e9parer leurs cours selon notre m\u00e9thode p\u00e9dagogique M.A.R.V.E.L. et pour ce faire, chaque saison nous proposons un focus diff\u00e9rent pour compl\u00e9ter\/enrichir leur cadre.<\/p>\n<h3><\/h3>\n<h3 class=\"elementor-heading-title elementor-size-default\"><\/h3>\n<h3 class=\"elementor-heading-title elementor-size-default\"><\/h3>\n<h3 class=\"elementor-heading-title elementor-size-default\">Certification D.I.F<\/h3>\n<\/div>\n<\/div>\n<\/div>\n<\/div>\n<\/div>\n<\/div>\n<\/div>\n<p>[\/et_pb_text][\/et_pb_column][\/et_pb_row][et_pb_row column_structure=\u00a0\u00bb1_4,1_4,1_4,1_4&Prime; _builder_version=\u00a0\u00bb4.27.2&Prime; _module_preset=\u00a0\u00bbdefault\u00a0\u00bb global_colors_info=\u00a0\u00bb{}\u00a0\u00bb][et_pb_column type=\u00a0\u00bb1_4&Prime; _builder_version=\u00a0\u00bb4.27.2&Prime; _module_preset=\u00a0\u00bbdefault\u00a0\u00bb global_colors_info=\u00a0\u00bb{}\u00a0\u00bb][et_pb_text _builder_version=\u00a0\u00bb4.27.2&Prime; _module_preset=\u00a0\u00bbdefault\u00a0\u00bb global_colors_info=\u00a0\u00bb{}\u00a0\u00bb]<\/p>\n<h4 class=\"elementor-heading-title elementor-size-default\">ELKM<\/h4>\n<ul>\n<li class=\"elementor-heading-title elementor-size-default\">Matthieu Rolando<\/li>\n<li>Vincent Graveron<\/li>\n<li>Dumaye J\u00e9r\u00e9mie<\/li>\n<li>Besquet Pascal<\/li>\n<\/ul>\n<p>[\/et_pb_text][\/et_pb_column][et_pb_column type=\u00a0\u00bb1_4&Prime; _builder_version=\u00a0\u00bb4.27.2&Prime; _module_preset=\u00a0\u00bbdefault\u00a0\u00bb global_colors_info=\u00a0\u00bb{}\u00a0\u00bb][et_pb_text _builder_version=\u00a0\u00bb4.27.2&Prime; _module_preset=\u00a0\u00bbdefault\u00a0\u00bb global_colors_info=\u00a0\u00bb{}\u00a0\u00bb]<\/p>\n<h4 class=\"elementor-heading-title elementor-size-default\">KMGL<\/h4>\n<ul>\n<li>Espinosa St\u00e9phane<\/li>\n<li>Jacquot C\u00e9dric<\/li>\n<li>Mora Joris<\/li>\n<li>Papeix Marc<\/li>\n<\/ul>\n<p>[\/et_pb_text][\/et_pb_column][et_pb_column type=\u00a0\u00bb1_4&Prime; _builder_version=\u00a0\u00bb4.27.2&Prime; _module_preset=\u00a0\u00bbdefault\u00a0\u00bb global_colors_info=\u00a0\u00bb{}\u00a0\u00bb][et_pb_text _builder_version=\u00a0\u00bb4.27.2&Prime; _module_preset=\u00a0\u00bbdefault\u00a0\u00bb global_colors_info=\u00a0\u00bb{}\u00a0\u00bb]<\/p>\n<h4 class=\"elementor-heading-title elementor-size-default\">KMC37<\/h4>\n<ul>\n<li>Fodil Chougrani<\/li>\n<li>Decarvalho Angelo<\/li>\n<li>Cochard Gr\u00e9gory<\/li>\n<li>Guy Mouyeme<\/li>\n<li>Nossereau Marylou<\/li>\n<li>Souil \u00c9lodie<\/li>\n<\/ul>\n<p>[\/et_pb_text][\/et_pb_column][et_pb_column type=\u00a0\u00bb1_4&Prime; _builder_version=\u00a0\u00bb4.27.2&Prime; _module_preset=\u00a0\u00bbdefault\u00a0\u00bb global_colors_info=\u00a0\u00bb{}\u00a0\u00bb][et_pb_text _builder_version=\u00a0\u00bb4.27.2&Prime; _module_preset=\u00a0\u00bbdefault\u00a0\u00bb global_colors_info=\u00a0\u00bb{}\u00a0\u00bb]<\/p>\n<h4 class=\"elementor-heading-title elementor-size-default\">PAU KM<\/h4>\n<ul>\n<li>Delphine Chantereau<\/li>\n<li>Micha\u00ebl Chamorro<\/li>\n<li>Didier Froment<\/li>\n<li>Fabrice Garcia<\/li>\n<\/ul>\n<p>[\/et_pb_text][\/et_pb_column][\/et_pb_row][et_pb_row column_structure=\u00a0\u00bb1_4,1_4,1_4,1_4&Prime; _builder_version=\u00a0\u00bb4.27.2&Prime; _module_preset=\u00a0\u00bbdefault\u00a0\u00bb global_colors_info=\u00a0\u00bb{}\u00a0\u00bb][et_pb_column type=\u00a0\u00bb1_4&Prime; _builder_version=\u00a0\u00bb4.27.2&Prime; _module_preset=\u00a0\u00bbdefault\u00a0\u00bb global_colors_info=\u00a0\u00bb{}\u00a0\u00bb][et_pb_text _builder_version=\u00a0\u00bb4.27.2&Prime; _module_preset=\u00a0\u00bbdefault\u00a0\u00bb global_colors_info=\u00a0\u00bb{}\u00a0\u00bb]<\/p>\n<h4 class=\"elementor-heading-title elementor-size-default\">KMO<\/h4>\n<ul>\n<li>Cuy y Mola Damien<\/li>\n<li>F Denis<\/li>\n<li>Margotin Erwan<\/li>\n<\/ul>\n<p>[\/et_pb_text][\/et_pb_column][et_pb_column type=\u00a0\u00bb1_4&Prime; _builder_version=\u00a0\u00bb4.27.2&Prime; _module_preset=\u00a0\u00bbdefault\u00a0\u00bb global_colors_info=\u00a0\u00bb{}\u00a0\u00bb][et_pb_text _builder_version=\u00a0\u00bb4.27.2&Prime; _module_preset=\u00a0\u00bbdefault\u00a0\u00bb global_colors_info=\u00a0\u00bb{}\u00a0\u00bb]<\/p>\n<h4 class=\"elementor-heading-title elementor-size-default\">KMBR (1\/3)<\/h4>\n<ul>\n<li>Bartolini Olivier<\/li>\n<li>Adrian Emeline<\/li>\n<li>Ayme Gr\u00e9gory<\/li>\n<li>Gaub Anais<\/li>\n<li>Gerienus Axel<\/li>\n<li>Gilger Noel<\/li>\n<\/ul>\n<p>[\/et_pb_text][\/et_pb_column][et_pb_column type=\u00a0\u00bb1_4&Prime; _builder_version=\u00a0\u00bb4.27.2&Prime; _module_preset=\u00a0\u00bbdefault\u00a0\u00bb global_colors_info=\u00a0\u00bb{}\u00a0\u00bb][et_pb_text _builder_version=\u00a0\u00bb4.27.2&Prime; _module_preset=\u00a0\u00bbdefault\u00a0\u00bb global_colors_info=\u00a0\u00bb{}\u00a0\u00bb]<\/p>\n<h4 class=\"elementor-heading-title elementor-size-default\">KMBR (2\/3)<\/h4>\n<ul>\n<li>Incana Didier<\/li>\n<li>Loew Jessica<\/li>\n<li>Kieny Bertrand<\/li>\n<li>Lefebvre Isabelle<\/li>\n<li>Meyer Florent<\/li>\n<li>Mourreau Harald<\/li>\n<li>Ponijer Bojan<\/li>\n<\/ul>\n<p>[\/et_pb_text][\/et_pb_column][et_pb_column type=\u00a0\u00bb1_4&Prime; _builder_version=\u00a0\u00bb4.27.2&Prime; _module_preset=\u00a0\u00bbdefault\u00a0\u00bb global_colors_info=\u00a0\u00bb{}\u00a0\u00bb][et_pb_text _builder_version=\u00a0\u00bb4.27.2&Prime; _module_preset=\u00a0\u00bbdefault\u00a0\u00bb global_colors_info=\u00a0\u00bb{}\u00a0\u00bb]<\/p>\n<h4 class=\"elementor-heading-title elementor-size-default\">KMBR (3\/3)<\/h4>\n<ul>\n<li>Rapp Fran\u00e7ois<\/li>\n<li>Rendler Adrien<\/li>\n<li>Rossdeutch Cyril<\/li>\n<li>Wagner Pascal<\/li>\n<li>Welter Rodolphe<\/li>\n<li>Widmann Magalie<\/li>\n<li>Zaegel Noah<\/li>\n<\/ul>\n<p>[\/et_pb_text][\/et_pb_column][\/et_pb_row][et_pb_row _builder_version=\u00a0\u00bb4.27.2&Prime; _module_preset=\u00a0\u00bbdefault\u00a0\u00bb global_colors_info=\u00a0\u00bb{}\u00a0\u00bb][et_pb_column type=\u00a0\u00bb4_4&Prime; _builder_version=\u00a0\u00bb4.27.2&Prime; _module_preset=\u00a0\u00bbdefault\u00a0\u00bb global_colors_info=\u00a0\u00bb{}\u00a0\u00bb][et_pb_divider _builder_version=\u00a0\u00bb4.27.2&Prime; _module_preset=\u00a0\u00bbdefault\u00a0\u00bb global_colors_info=\u00a0\u00bb{}\u00a0\u00bb][\/et_pb_divider][et_pb_text _builder_version=\u00a0\u00bb4.27.4&Prime; _module_preset=\u00a0\u00bbdefault\u00a0\u00bb header_2_font=\u00a0\u00bb|||on|||||\u00a0\u00bb header_2_text_align=\u00a0\u00bbcenter\u00a0\u00bb header_2_text_color=\u00a0\u00bb#E02B20&Prime; header_2_font_size=\u00a0\u00bb45px\u00a0\u00bb custom_margin=\u00a0\u00bb||-35px|||\u00a0\u00bb header_2_font_size_tablet=\u00a0\u00bb45px\u00a0\u00bb header_2_font_size_phone=\u00a0\u00bb38px\u00a0\u00bb header_2_font_size_last_edited=\u00a0\u00bbon|phone\u00a0\u00bb global_colors_info=\u00a0\u00bb{}\u00a0\u00bb]<\/p>\n<div class=\"elementor-element elementor-element-7cab016 elementor-widget elementor-widget-heading\" data-id=\"7cab016\" data-element_type=\"heading.default\">\n<div class=\"elementor-widget-container\">\n<div class=\"elementor-element elementor-element-60f9e38 elementor-widget elementor-widget-heading\" data-id=\"60f9e38\" data-element_type=\"heading.default\">\n<div class=\"elementor-widget-container\">\n<h2 class=\"elementor-heading-title elementor-size-default\">JURY\u00a0F\u00c9D\u00c9RAL<\/h2>\n<\/div>\n<\/div>\n<\/div>\n<\/div>\n<p>&nbsp;<\/p>\n<p>\u00c9valuer un(e) pratiquant(e) est un exercice difficile et on se doit de former les juges afin de partager des crit\u00e8res factuels et objectifs d\u2019examen (sinon cela peut aboutir \u00e0 des disparit\u00e9s d\u2019attribution de grades selon les juges).<\/p>\n<p>De plus, \u00e0 la KMFDA, nous nous attachons au respect des principes et fondamentaux du krav maga et non pas \u00e0 un simple d\u00e9roul\u00e9 de techniques acad\u00e9miques : nous formons donc nos juges avec de la th\u00e9orie qu\u2019on confronte ensuite avec des cas pratiques pendant les modules de formation.<\/p>\n<h3><\/h3>\n<p>&nbsp;<\/p>\n<h3 class=\"elementor-heading-title elementor-size-default\">Certification de jury f\u00e9d\u00e9ral<\/h3>\n<ul><\/ul>\n<ul><\/ul>\n<p>[\/et_pb_text][\/et_pb_column][\/et_pb_row][et_pb_row column_structure=\u00a0\u00bb1_3,1_3,1_3&Prime; _builder_version=\u00a0\u00bb4.27.2&Prime; _module_preset=\u00a0\u00bbdefault\u00a0\u00bb global_colors_info=\u00a0\u00bb{}\u00a0\u00bb][et_pb_column type=\u00a0\u00bb1_3&Prime; _builder_version=\u00a0\u00bb4.27.2&Prime; _module_preset=\u00a0\u00bbdefault\u00a0\u00bb global_colors_info=\u00a0\u00bb{}\u00a0\u00bb][et_pb_text _builder_version=\u00a0\u00bb4.27.2&Prime; _module_preset=\u00a0\u00bbdefault\u00a0\u00bb global_colors_info=\u00a0\u00bb{}\u00a0\u00bb]<\/p>\n<ul>\n<li>Fodil Chougrani<\/li>\n<li><span>Erwan Margotin<\/span><\/li>\n<li><span>Denis F<\/span><\/li>\n<li><span>S\u00e9bastien Mari<\/span><\/li>\n<\/ul>\n<p>[\/et_pb_text][\/et_pb_column][et_pb_column type=\u00a0\u00bb1_3&Prime; _builder_version=\u00a0\u00bb4.27.2&Prime; _module_preset=\u00a0\u00bbdefault\u00a0\u00bb global_colors_info=\u00a0\u00bb{}\u00a0\u00bb][et_pb_text _builder_version=\u00a0\u00bb4.27.2&Prime; _module_preset=\u00a0\u00bbdefault\u00a0\u00bb global_colors_info=\u00a0\u00bb{}\u00a0\u00bb]<\/p>\n<ul>\n<li>Fabrice Garcia<\/li>\n<li>Michael Chamorro<\/li>\n<li>Delphine Chantereau<\/li>\n<li>Didier Froment<\/li>\n<\/ul>\n<p>[\/et_pb_text][\/et_pb_column][et_pb_column type=\u00a0\u00bb1_3&Prime; _builder_version=\u00a0\u00bb4.27.2&Prime; _module_preset=\u00a0\u00bbdefault\u00a0\u00bb global_colors_info=\u00a0\u00bb{}\u00a0\u00bb][et_pb_text _builder_version=\u00a0\u00bb4.27.2&Prime; _module_preset=\u00a0\u00bbdefault\u00a0\u00bb global_colors_info=\u00a0\u00bb{}\u00a0\u00bb]<\/p>\n<ul>\n<li>Gr\u00e9gory Ayme<\/li>\n<li>Olivier Bartolini<\/li>\n<li>Florent Meyer<\/li>\n<li>Yvan Bernier<\/li>\n<\/ul>\n<p>[\/et_pb_text][\/et_pb_column][\/et_pb_row][et_pb_row _builder_version=\u00a0\u00bb4.27.2&Prime; _module_preset=\u00a0\u00bbdefault\u00a0\u00bb global_colors_info=\u00a0\u00bb{}\u00a0\u00bb][et_pb_column type=\u00a0\u00bb4_4&Prime; _builder_version=\u00a0\u00bb4.27.2&Prime; _module_preset=\u00a0\u00bbdefault\u00a0\u00bb global_colors_info=\u00a0\u00bb{}\u00a0\u00bb][et_pb_divider _builder_version=\u00a0\u00bb4.27.2&Prime; _module_preset=\u00a0\u00bbdefault\u00a0\u00bb global_colors_info=\u00a0\u00bb{}\u00a0\u00bb][\/et_pb_divider][et_pb_text _builder_version=\u00a0\u00bb4.27.4&Prime; _module_preset=\u00a0\u00bbdefault\u00a0\u00bb header_2_text_align=\u00a0\u00bbcenter\u00a0\u00bb header_2_text_color=\u00a0\u00bb#E02B20&Prime; header_2_font_size=\u00a0\u00bb45px\u00a0\u00bb hover_enabled=\u00a0\u00bb0&Prime; header_2_font_size_tablet=\u00a0\u00bb45px\u00a0\u00bb header_2_font_size_phone=\u00a0\u00bb35px\u00a0\u00bb header_2_font_size_last_edited=\u00a0\u00bbon|phone\u00a0\u00bb global_colors_info=\u00a0\u00bb{}\u00a0\u00bb sticky_enabled=\u00a0\u00bb0&Prime;]<\/p>\n<div class=\"elementor-element elementor-element-7cab016 elementor-widget elementor-widget-heading\" data-id=\"7cab016\" data-element_type=\"heading.default\">\n<div class=\"elementor-widget-container\">\n<div class=\"elementor-element elementor-element-60f9e38 elementor-widget elementor-widget-heading\" data-id=\"60f9e38\" data-element_type=\"heading.default\">\n<div class=\"elementor-widget-container\">\n<h2 class=\"elementor-heading-title elementor-size-default\">GRADE\u00a0F\u00c9D\u00c9RAL<\/h2>\n<\/div>\n<\/div>\n<\/div>\n<\/div>\n<p>&nbsp;<\/p>\n<p>La ceinture noire et ses diff\u00e9rents degr\u00e9s est un examen f\u00e9d\u00e9ral important dans la vie d\u2019un(e) pratiquant(e) qui s\u2019investit dans le cursus des passages de grades.<\/p>\n<p>Cependant nous avons bien conscience qu\u2019un examen \u00e0 un instant T n\u2019est pas une garantie de niveau dans le temps ; c\u2019est pourquoi nos grades sont attribu\u00e9s avec une certification de recyclage tous les 2 ans.<\/p>\n<p>C\u2019est aussi pourquoi, avec ce syst\u00e8me, nous permettons un passage au degr\u00e9 sup\u00e9rieur tous les 3 ans plut\u00f4t que li\u00e9 a un nombre d\u2019ann\u00e9es sp\u00e9cifiques de licences : en effet, cela permet \u00e9galement de tenir compte de l\u2019historique martial et de l\u2019investissement des candidats.<\/p>\n<p>[\/et_pb_text][\/et_pb_column][\/et_pb_row][\/et_pb_section]<\/p>\n","protected":false},"excerpt":{"rendered":"<p>CERTIFICATION CLUBS Les certifications clubs KMFDA garantit la qualit\u00e9 p\u00e9dagogique, la s\u00e9curit\u00e9 et l\u2019uniformit\u00e9 technique sur tout le territoire. Elle s\u2019appuie sur des crit\u00e8res pr\u00e9cis en coh\u00e9rence avec les standards [&hellip;]<\/p>\n","protected":false},"author":1,"featured_media":0,"parent":0,"menu_order":0,"comment_status":"closed","ping_status":"closed","template":"","meta":{"_et_pb_use_builder":"on","_et_pb_old_content":"","_et_gb_content_width":"","footnotes":""},"class_list":["post-258","page","type-page","status-publish","hentry"],"yoast_head":"<!-- This site is optimized with the Yoast SEO plugin v27.1.1 - https:\/\/yoast.com\/product\/yoast-seo-wordpress\/ -->\n<title>Certifications clubs \u2014 Exigences &amp; accompagnement | KMFDA<\/title>\n<meta name=\"description\" content=\"Un label pour valoriser la qualit\u00e9 p\u00e9dagogique et la s\u00e9curit\u00e9. Crit\u00e8res, audit, accompagnement et communication fournis aux clubs.\" \/>\n<meta name=\"robots\" content=\"index, follow, max-snippet:-1, max-image-preview:large, max-video-preview:-1\" \/>\n<link rel=\"canonical\" href=\"https:\/\/www.federationkravmaga.com\/index.php\/certification-clubs\/\" \/>\n<meta property=\"og:locale\" content=\"fr_FR\" \/>\n<meta property=\"og:type\" content=\"article\" \/>\n<meta property=\"og:title\" content=\"Certifications clubs \u2014 Exigences &amp; accompagnement | KMFDA\" \/>\n<meta property=\"og:description\" content=\"Un label pour valoriser la qualit\u00e9 p\u00e9dagogique et la s\u00e9curit\u00e9. Crit\u00e8res, audit, accompagnement et communication fournis aux clubs.\" \/>\n<meta property=\"og:url\" content=\"https:\/\/www.federationkravmaga.com\/index.php\/certification-clubs\/\" \/>\n<meta property=\"og:site_name\" content=\"KMFDA\" \/>\n<meta property=\"article:modified_time\" content=\"2025-11-28T09:38:10+00:00\" \/>\n<meta name=\"twitter:card\" content=\"summary_large_image\" \/>\n<meta name=\"twitter:label1\" content=\"Dur\u00e9e de lecture estim\u00e9e\" \/>\n\t<meta name=\"twitter:data1\" content=\"3 minutes\" \/>\n<script type=\"application\/ld+json\" class=\"yoast-schema-graph\">{\"@context\":\"https:\/\/schema.org\",\"@graph\":[{\"@type\":\"WebPage\",\"@id\":\"https:\/\/www.federationkravmaga.com\/index.php\/certification-clubs\/\",\"url\":\"https:\/\/www.federationkravmaga.com\/index.php\/certification-clubs\/\",\"name\":\"Certifications clubs \u2014 Exigences & accompagnement | KMFDA\",\"isPartOf\":{\"@id\":\"https:\/\/www.federationkravmaga.com\/#website\"},\"datePublished\":\"2025-04-17T08:41:04+00:00\",\"dateModified\":\"2025-11-28T09:38:10+00:00\",\"description\":\"Un label pour valoriser la qualit\u00e9 p\u00e9dagogique et la s\u00e9curit\u00e9. Crit\u00e8res, audit, accompagnement et communication fournis aux clubs.\",\"breadcrumb\":{\"@id\":\"https:\/\/www.federationkravmaga.com\/index.php\/certification-clubs\/#breadcrumb\"},\"inLanguage\":\"fr-FR\",\"potentialAction\":[{\"@type\":\"ReadAction\",\"target\":[\"https:\/\/www.federationkravmaga.com\/index.php\/certification-clubs\/\"]}]},{\"@type\":\"BreadcrumbList\",\"@id\":\"https:\/\/www.federationkravmaga.com\/index.php\/certification-clubs\/#breadcrumb\",\"itemListElement\":[{\"@type\":\"ListItem\",\"position\":1,\"name\":\"Accueil\",\"item\":\"https:\/\/www.federationkravmaga.com\/\"},{\"@type\":\"ListItem\",\"position\":2,\"name\":\"CERTIFICATION CLUBS\"}]},{\"@type\":\"WebSite\",\"@id\":\"https:\/\/www.federationkravmaga.com\/#website\",\"url\":\"https:\/\/www.federationkravmaga.com\/\",\"name\":\"KMFDA\",\"description\":\"F\u00e9d\u00e9ration de Krav Maga et Disciplines Associ\u00e9es\",\"potentialAction\":[{\"@type\":\"SearchAction\",\"target\":{\"@type\":\"EntryPoint\",\"urlTemplate\":\"https:\/\/www.federationkravmaga.com\/?s={search_term_string}\"},\"query-input\":{\"@type\":\"PropertyValueSpecification\",\"valueRequired\":true,\"valueName\":\"search_term_string\"}}],\"inLanguage\":\"fr-FR\"}]}<\/script>\n<!-- \/ Yoast SEO plugin. -->","yoast_head_json":{"title":"Certifications clubs \u2014 Exigences & accompagnement | KMFDA","description":"Un label pour valoriser la qualit\u00e9 p\u00e9dagogique et la s\u00e9curit\u00e9. Crit\u00e8res, audit, accompagnement et communication fournis aux clubs.","robots":{"index":"index","follow":"follow","max-snippet":"max-snippet:-1","max-image-preview":"max-image-preview:large","max-video-preview":"max-video-preview:-1"},"canonical":"https:\/\/www.federationkravmaga.com\/index.php\/certification-clubs\/","og_locale":"fr_FR","og_type":"article","og_title":"Certifications clubs \u2014 Exigences & accompagnement | KMFDA","og_description":"Un label pour valoriser la qualit\u00e9 p\u00e9dagogique et la s\u00e9curit\u00e9. Crit\u00e8res, audit, accompagnement et communication fournis aux clubs.","og_url":"https:\/\/www.federationkravmaga.com\/index.php\/certification-clubs\/","og_site_name":"KMFDA","article_modified_time":"2025-11-28T09:38:10+00:00","twitter_card":"summary_large_image","twitter_misc":{"Dur\u00e9e de lecture estim\u00e9e":"3 minutes"},"schema":{"@context":"https:\/\/schema.org","@graph":[{"@type":"WebPage","@id":"https:\/\/www.federationkravmaga.com\/index.php\/certification-clubs\/","url":"https:\/\/www.federationkravmaga.com\/index.php\/certification-clubs\/","name":"Certifications clubs \u2014 Exigences & accompagnement | KMFDA","isPartOf":{"@id":"https:\/\/www.federationkravmaga.com\/#website"},"datePublished":"2025-04-17T08:41:04+00:00","dateModified":"2025-11-28T09:38:10+00:00","description":"Un label pour valoriser la qualit\u00e9 p\u00e9dagogique et la s\u00e9curit\u00e9. Crit\u00e8res, audit, accompagnement et communication fournis aux clubs.","breadcrumb":{"@id":"https:\/\/www.federationkravmaga.com\/index.php\/certification-clubs\/#breadcrumb"},"inLanguage":"fr-FR","potentialAction":[{"@type":"ReadAction","target":["https:\/\/www.federationkravmaga.com\/index.php\/certification-clubs\/"]}]},{"@type":"BreadcrumbList","@id":"https:\/\/www.federationkravmaga.com\/index.php\/certification-clubs\/#breadcrumb","itemListElement":[{"@type":"ListItem","position":1,"name":"Accueil","item":"https:\/\/www.federationkravmaga.com\/"},{"@type":"ListItem","position":2,"name":"CERTIFICATION CLUBS"}]},{"@type":"WebSite","@id":"https:\/\/www.federationkravmaga.com\/#website","url":"https:\/\/www.federationkravmaga.com\/","name":"KMFDA","description":"F\u00e9d\u00e9ration de Krav Maga et Disciplines Associ\u00e9es","potentialAction":[{"@type":"SearchAction","target":{"@type":"EntryPoint","urlTemplate":"https:\/\/www.federationkravmaga.com\/?s={search_term_string}"},"query-input":{"@type":"PropertyValueSpecification","valueRequired":true,"valueName":"search_term_string"}}],"inLanguage":"fr-FR"}]}},"_links":{"self":[{"href":"https:\/\/www.federationkravmaga.com\/index.php\/wp-json\/wp\/v2\/pages\/258","targetHints":{"allow":["GET"]}}],"collection":[{"href":"https:\/\/www.federationkravmaga.com\/index.php\/wp-json\/wp\/v2\/pages"}],"about":[{"href":"https:\/\/www.federationkravmaga.com\/index.php\/wp-json\/wp\/v2\/types\/page"}],"author":[{"embeddable":true,"href":"https:\/\/www.federationkravmaga.com\/index.php\/wp-json\/wp\/v2\/users\/1"}],"replies":[{"embeddable":true,"href":"https:\/\/www.federationkravmaga.com\/index.php\/wp-json\/wp\/v2\/comments?post=258"}],"version-history":[{"count":24,"href":"https:\/\/www.federationkravmaga.com\/index.php\/wp-json\/wp\/v2\/pages\/258\/revisions"}],"predecessor-version":[{"id":760,"href":"https:\/\/www.federationkravmaga.com\/index.php\/wp-json\/wp\/v2\/pages\/258\/revisions\/760"}],"wp:attachment":[{"href":"https:\/\/www.federationkravmaga.com\/index.php\/wp-json\/wp\/v2\/media?parent=258"}],"curies":[{"name":"wp","href":"https:\/\/api.w.org\/{rel}","templated":true}]}}