{"id":3,"date":"2024-10-31T10:08:07","date_gmt":"2024-10-31T09:08:07","guid":{"rendered":"https:\/\/www.federationkravmaga.com\/?page_id=3"},"modified":"2025-10-15T11:08:30","modified_gmt":"2025-10-15T09:08:30","slug":"mentions-legales-politique-de-confidentialite","status":"publish","type":"page","link":"https:\/\/www.federationkravmaga.com\/index.php\/mentions-legales-politique-de-confidentialite\/","title":{"rendered":"Mentions l\u00e9gales et Politique de confidentialit\u00e9"},"content":{"rendered":"\r\n<h1 class=\"wp-block-heading\" data-start=\"226\" data-end=\"249\"><strong style=\"color: red; font-size: 38px;\">Mentions L\u00e9gales<\/strong><\/h1>\r\n<h2 data-start=\"226\" data-end=\"249\">\u00a0<\/h2>\r\n<h2 data-start=\"226\" data-end=\"249\">1. \u00c9diteur du site<\/h2>\r\n<p data-start=\"250\" data-end=\"390\"><strong data-start=\"250\" data-end=\"277\">F\u00e9d\u00e9ration de Krav Maga<\/strong><br data-start=\"277\" data-end=\"280\" \/>Adresse : 111 avenue Victor Hugo 75784 Paris Cedex 16 <br data-start=\"316\" data-end=\"319\" \/>T\u00e9l\u00e9phone : 06 71 05 79 37<br data-start=\"352\" data-end=\"355\" \/>Email : kravmaga.fda@gmail.com<\/p>\r\n<p data-start=\"392\" data-end=\"439\">Responsable de publication : Chantereau Delphine<\/p>\r\n<h2 data-start=\"446\" data-end=\"463\">\u00a0<\/h2>\r\n<h2 data-start=\"446\" data-end=\"463\">2. H\u00e9bergeur<\/h2>\r\n<p data-start=\"464\" data-end=\"678\"><strong data-start=\"464\" data-end=\"477\">Gandi SAS<\/strong><br data-start=\"477\" data-end=\"480\" \/>Soci\u00e9t\u00e9 par actions simplifi\u00e9e au capital de 800.000 \u20ac<br data-start=\"534\" data-end=\"537\" \/>Si\u00e8ge social : 63-65 boulevard Mass\u00e9na, 75013 Paris, France<br data-start=\"596\" data-end=\"599\" \/>RCS Paris 423 093 459<br data-start=\"620\" data-end=\"623\" \/>Site : <a class=\"decorated-link cursor-pointer\" target=\"_new\" rel=\"noopener\" data-start=\"630\" data-end=\"676\">https:\/\/www.gandi.net<\/a><\/p>\r\n<h2 data-start=\"685\" data-end=\"717\">\u00a0<\/h2>\r\n<h2 data-start=\"685\" data-end=\"717\">3. Propri\u00e9t\u00e9 intellectuelle<\/h2>\r\n<p data-start=\"718\" data-end=\"1040\">L\u2019ensemble du contenu pr\u00e9sent sur le site <a class=\"decorated-link\" href=\"https:\/\/www.federationkravmaga.com?utm_source=chatgpt.com\" target=\"_new\" rel=\"noopener\" data-start=\"760\" data-end=\"832\">https:\/\/www.federationkravmaga.com<\/a> (textes, images, graphismes, logos, documents, vid\u00e9os, etc.) est prot\u00e9g\u00e9 par le droit de la propri\u00e9t\u00e9 intellectuelle et demeure la propri\u00e9t\u00e9 exclusive de la F\u00e9d\u00e9ration de Krav Maga, sauf mention contraire.<\/p>\r\n<ul data-start=\"1042\" data-end=\"1314\">\r\n<li data-start=\"1042\" data-end=\"1314\">\r\n<p data-start=\"1044\" data-end=\"1065\"><strong data-start=\"1044\" data-end=\"1061\">Photographies<\/strong> :<\/p>\r\n<ul data-start=\"1068\" data-end=\"1314\">\r\n<li data-start=\"1068\" data-end=\"1209\">\r\n<p data-start=\"1070\" data-end=\"1209\">Les photographies pr\u00e9sentes sur ce site proviennent majoritairement des clubs affili\u00e9s et de la F\u00e9d\u00e9ration, qui en d\u00e9tiennent les droits.<\/p>\r\n<\/li>\r\n<li data-start=\"1212\" data-end=\"1314\">\r\n<p data-start=\"1214\" data-end=\"1314\">Certaines images proviennent de la banque d\u2019images <strong data-start=\"1265\" data-end=\"1280\">Adobe Stock<\/strong> et sont utilis\u00e9es sous licence.<\/p>\r\n<\/li>\r\n<\/ul>\r\n<\/li>\r\n<\/ul>\r\n<p data-start=\"1316\" data-end=\"1602\">Toute reproduction, repr\u00e9sentation, utilisation ou diffusion, totale ou partielle, sans autorisation \u00e9crite pr\u00e9alable de la F\u00e9d\u00e9ration de Krav Maga, est interdite et constituerait une contrefa\u00e7on sanctionn\u00e9e par les articles L.335-2 et suivants du Code de la propri\u00e9t\u00e9 intellectuelle.<\/p>\r\n<h2 data-start=\"1609\" data-end=\"1645\">\u00a0<\/h2>\r\n<h2 data-start=\"1609\" data-end=\"1645\">4. Limitation de responsabilit\u00e9<\/h2>\r\n<p data-start=\"1646\" data-end=\"1912\">L\u2019\u00e9diteur du site s\u2019efforce d\u2019assurer l\u2019exactitude et la mise \u00e0 jour des informations diffus\u00e9es, mais ne peut garantir l\u2019absence d\u2019erreurs ou d\u2019omissions. L\u2019utilisation des informations disponibles sur ce site se fait sous la seule responsabilit\u00e9 de l\u2019utilisateur.<\/p>\r\n<p data-start=\"1914\" data-end=\"2078\">Des liens hypertextes peuvent rediriger vers des sites tiers. La F\u00e9d\u00e9ration de Krav Maga d\u00e9cline toute responsabilit\u00e9 concernant le contenu de ces sites externes.<\/p>\r\n<h1 data-start=\"2085\" data-end=\"2115\">\u00a0<\/h1>\r\n<h1 data-start=\"2085\" data-end=\"2115\"><strong style=\"color: red; font-size: 38px;\">Politique de confidentialit\u00e9<\/strong><\/h1>\r\n<h2 data-start=\"2117\" data-end=\"2139\">\u00a0<\/h2>\r\n<h2 data-start=\"2117\" data-end=\"2139\">Qui sommes-nous ?<\/h2>\r\n<p data-start=\"2140\" data-end=\"2361\">L\u2019adresse de notre site est : <a class=\"decorated-link\" href=\"https:\/\/www.federationkravmaga.com?utm_source=chatgpt.com\" target=\"_new\" rel=\"noopener\" data-start=\"2170\" data-end=\"2242\">https:\/\/www.federationkravmaga.com<\/a>.<br data-start=\"2243\" data-end=\"2246\" \/>Responsable du traitement des donn\u00e9es : F\u00e9d\u00e9ration de Krav Maga (contact : parrou.communication@gmail.com).<\/p>\r\n<h2 data-start=\"2368\" data-end=\"2385\">\u00a0<\/h2>\r\n<h2 data-start=\"2368\" data-end=\"2385\">Commentaires<\/h2>\r\n<p data-start=\"2386\" data-end=\"2639\">Lorsque vous laissez un commentaire sur notre site, les donn\u00e9es inscrites dans le formulaire de commentaire, ainsi que votre adresse IP et l\u2019agent utilisateur de votre navigateur sont collect\u00e9s pour nous aider \u00e0 d\u00e9tecter les commentaires ind\u00e9sirables.<\/p>\r\n<p data-start=\"2641\" data-end=\"3042\">Une cha\u00eene anonymis\u00e9e cr\u00e9\u00e9e \u00e0 partir de votre adresse e-mail (hash) peut \u00eatre envoy\u00e9e au service Gravatar pour v\u00e9rifier si vous l\u2019utilisez. Les clauses de confidentialit\u00e9 du service Gravatar sont disponibles ici : <a class=\"decorated-link\" href=\"https:\/\/automattic.com\/privacy\/?utm_source=chatgpt.com\" target=\"_new\" rel=\"noopener\" data-start=\"2855\" data-end=\"2921\">https:\/\/automattic.com\/privacy\/<\/a>.<br data-start=\"2922\" data-end=\"2925\" \/>Apr\u00e8s validation de votre commentaire, votre photo de profil sera visible publiquement \u00e0 c\u00f4t\u00e9 de votre commentaire.<\/p>\r\n<h2 data-start=\"3049\" data-end=\"3060\">\u00a0<\/h2>\r\n<h2 data-start=\"3049\" data-end=\"3060\">M\u00e9dias<\/h2>\r\n<p data-start=\"3061\" data-end=\"3262\">Si vous t\u00e9l\u00e9versez des images sur le site, nous vous conseillons d\u2019\u00e9viter d\u2019inclure des donn\u00e9es EXIF de coordonn\u00e9es GPS. Les visiteurs peuvent extraire les informations de localisation de ces images.<\/p>\r\n<h2 data-start=\"3269\" data-end=\"3281\">\u00a0<\/h2>\r\n<h2 data-start=\"3269\" data-end=\"3281\">Cookies<\/h2>\r\n<ul data-start=\"3282\" data-end=\"3715\">\r\n<li data-start=\"3282\" data-end=\"3479\">\r\n<p data-start=\"3284\" data-end=\"3479\">Si vous d\u00e9posez un commentaire sur notre site, il vous sera propos\u00e9 d\u2019enregistrer votre nom, adresse e-mail et site dans des cookies, pour plus de confort. Ces cookies expirent au bout d\u2019un an.<\/p>\r\n<\/li>\r\n<li data-start=\"3480\" data-end=\"3609\">\r\n<p data-start=\"3482\" data-end=\"3609\">Lors de votre connexion, des cookies techniques sont install\u00e9s pour m\u00e9moriser vos pr\u00e9f\u00e9rences et vos informations de session.<\/p>\r\n<\/li>\r\n<li data-start=\"3610\" data-end=\"3715\">\r\n<p data-start=\"3612\" data-end=\"3715\">Ces cookies n\u2019ont pas vocation \u00e0 collecter des donn\u00e9es personnelles en dehors de votre usage du site.<\/p>\r\n<\/li>\r\n<\/ul>\r\n<h2 data-start=\"3722\" data-end=\"3765\">\u00a0<\/h2>\r\n<h2 data-start=\"3722\" data-end=\"3765\">Contenu embarqu\u00e9 depuis d\u2019autres sites<\/h2>\r\n<p data-start=\"3766\" data-end=\"4050\">Les articles de ce site peuvent inclure des contenus int\u00e9gr\u00e9s (par exemple vid\u00e9os, images, articles\u2026).<br data-start=\"3868\" data-end=\"3871\" \/>Ces sites web peuvent collecter des donn\u00e9es, utiliser des cookies, embarquer des outils de suivi tiers, et suivre vos interactions si vous avez un compte connect\u00e9 sur leur site.<\/p>\r\n<h2 data-start=\"4057\" data-end=\"4117\">\u00a0<\/h2>\r\n<h2 data-start=\"4057\" data-end=\"4117\">Utilisation et transmission de vos donn\u00e9es personnelles<\/h2>\r\n<ul data-start=\"4118\" data-end=\"4334\">\r\n<li data-start=\"4118\" data-end=\"4241\">\r\n<p data-start=\"4120\" data-end=\"4241\">Si vous demandez une r\u00e9initialisation de mot de passe, votre adresse IP sera incluse dans l\u2019e-mail de r\u00e9initialisation.<\/p>\r\n<\/li>\r\n<li data-start=\"4242\" data-end=\"4334\">\r\n<p data-start=\"4244\" data-end=\"4334\">Les commentaires peuvent \u00eatre analys\u00e9s par un service automatis\u00e9 de d\u00e9tection des spams.<\/p>\r\n<\/li>\r\n<\/ul>\r\n<h2 data-start=\"4341\" data-end=\"4378\">\u00a0<\/h2>\r\n<h2 data-start=\"4341\" data-end=\"4378\">Dur\u00e9e de stockage de vos donn\u00e9es<\/h2>\r\n<ul data-start=\"4379\" data-end=\"4689\">\r\n<li data-start=\"4379\" data-end=\"4449\">\r\n<p data-start=\"4381\" data-end=\"4449\">Les commentaires et leurs m\u00e9tadonn\u00e9es sont conserv\u00e9s ind\u00e9finiment.<\/p>\r\n<\/li>\r\n<li data-start=\"4450\" data-end=\"4601\">\r\n<p data-start=\"4452\" data-end=\"4601\">Les comptes enregistr\u00e9s (le cas \u00e9ch\u00e9ant) peuvent voir, modifier ou supprimer leurs informations personnelles \u00e0 tout moment (sauf leur identifiant).<\/p>\r\n<\/li>\r\n<li data-start=\"4602\" data-end=\"4689\">\r\n<p data-start=\"4604\" data-end=\"4689\">Les administrateurs du site peuvent \u00e9galement acc\u00e9der et modifier ces informations.<\/p>\r\n<\/li>\r\n<\/ul>\r\n<h2 data-start=\"4696\" data-end=\"4727\">\u00a0<\/h2>\r\n<h2 data-start=\"4696\" data-end=\"4727\">Vos droits sur vos donn\u00e9es<\/h2>\r\n<p data-start=\"4728\" data-end=\"4837\">Conform\u00e9ment au R\u00e8glement G\u00e9n\u00e9ral sur la Protection des Donn\u00e9es (RGPD), vous disposez des droits suivants :<\/p>\r\n<ul data-start=\"4838\" data-end=\"4999\">\r\n<li data-start=\"4838\" data-end=\"4870\">\r\n<p data-start=\"4840\" data-end=\"4870\">Droit d\u2019acc\u00e8s \u00e0 vos donn\u00e9es,<\/p>\r\n<\/li>\r\n<li data-start=\"4871\" data-end=\"4898\">\r\n<p data-start=\"4873\" data-end=\"4898\">Droit de rectification,<\/p>\r\n<\/li>\r\n<li data-start=\"4899\" data-end=\"4944\">\r\n<p data-start=\"4901\" data-end=\"4944\">Droit d\u2019effacement (\u00ab droit \u00e0 l\u2019oubli \u00bb),<\/p>\r\n<\/li>\r\n<li data-start=\"4945\" data-end=\"4999\">\r\n<p data-start=\"4947\" data-end=\"4999\">Droit de limitation ou d\u2019opposition au traitement.<\/p>\r\n<\/li>\r\n<\/ul>\r\n<p data-start=\"5001\" data-end=\"5066\">Pour exercer vos droits, contactez-nous \u00e0 : kravmaga.fda@gmail.com ou <a href=\"https:\/\/www.federationkravmaga.com\/index.php\/contact\/\">via le formulaire<\/a><\/p>\r\n<h2 data-start=\"5073\" data-end=\"5106\">\u00a0<\/h2>\r\n<h2 data-start=\"5073\" data-end=\"5106\">O\u00f9 vos donn\u00e9es sont envoy\u00e9es<\/h2>\r\n<p data-start=\"5107\" data-end=\"5231\">Les commentaires des visiteurs peuvent \u00eatre v\u00e9rifi\u00e9s via un service automatis\u00e9 de d\u00e9tection des commentaires ind\u00e9sirables.<\/p>\r\n<p data-start=\"5107\" data-end=\"5231\">\u00a0<\/p>\r\n<p data-start=\"5107\" data-end=\"5231\">\u00a0<\/p>","protected":false},"excerpt":{"rendered":"<p>Mentions L\u00e9gales \u00a0 1. \u00c9diteur du site F\u00e9d\u00e9ration de Krav MagaAdresse : 111 avenue Victor Hugo 75784 Paris Cedex 16 T\u00e9l\u00e9phone : 06 71 05 79 37Email : kravmaga.fda@gmail.com Responsable [&hellip;]<\/p>\n","protected":false},"author":1,"featured_media":0,"parent":0,"menu_order":0,"comment_status":"closed","ping_status":"open","template":"","meta":{"_et_pb_use_builder":"","_et_pb_old_content":"","_et_gb_content_width":"","footnotes":""},"class_list":["post-3","page","type-page","status-publish","hentry"],"yoast_head":"<!-- This site is optimized with the Yoast SEO plugin v27.1.1 - https:\/\/yoast.com\/product\/yoast-seo-wordpress\/ -->\n<title>Mentions l\u00e9gales &amp; Politique de confidentialit\u00e9 \u2014 KMFDA<\/title>\n<meta name=\"description\" content=\"Mentions l\u00e9gales et la politique de confidentialit\u00e9 du site KMFDA : \u00e9diteur, h\u00e9bergeur, droits, RGPD et gestion des donn\u00e9es personnelles.\" \/>\n<meta name=\"robots\" content=\"index, follow, max-snippet:-1, max-image-preview:large, max-video-preview:-1\" \/>\n<link rel=\"canonical\" href=\"https:\/\/www.federationkravmaga.com\/index.php\/mentions-legales-politique-de-confidentialite\/\" \/>\n<meta property=\"og:locale\" content=\"fr_FR\" \/>\n<meta property=\"og:type\" content=\"article\" \/>\n<meta property=\"og:title\" content=\"Mentions l\u00e9gales &amp; Politique de confidentialit\u00e9 \u2014 KMFDA\" \/>\n<meta property=\"og:description\" content=\"Mentions l\u00e9gales et la politique de confidentialit\u00e9 du site KMFDA : \u00e9diteur, h\u00e9bergeur, droits, RGPD et gestion des donn\u00e9es personnelles.\" \/>\n<meta property=\"og:url\" content=\"https:\/\/www.federationkravmaga.com\/index.php\/mentions-legales-politique-de-confidentialite\/\" \/>\n<meta property=\"og:site_name\" content=\"KMFDA\" \/>\n<meta property=\"article:modified_time\" content=\"2025-10-15T09:08:30+00:00\" \/>\n<meta name=\"twitter:card\" content=\"summary_large_image\" \/>\n<meta name=\"twitter:label1\" content=\"Dur\u00e9e de lecture estim\u00e9e\" \/>\n\t<meta name=\"twitter:data1\" content=\"4 minutes\" \/>\n<script type=\"application\/ld+json\" class=\"yoast-schema-graph\">{\"@context\":\"https:\/\/schema.org\",\"@graph\":[{\"@type\":\"WebPage\",\"@id\":\"https:\/\/www.federationkravmaga.com\/index.php\/mentions-legales-politique-de-confidentialite\/\",\"url\":\"https:\/\/www.federationkravmaga.com\/index.php\/mentions-legales-politique-de-confidentialite\/\",\"name\":\"Mentions l\u00e9gales & Politique de confidentialit\u00e9 \u2014 KMFDA\",\"isPartOf\":{\"@id\":\"https:\/\/www.federationkravmaga.com\/#website\"},\"datePublished\":\"2024-10-31T09:08:07+00:00\",\"dateModified\":\"2025-10-15T09:08:30+00:00\",\"description\":\"Mentions l\u00e9gales et la politique de confidentialit\u00e9 du site KMFDA : \u00e9diteur, h\u00e9bergeur, droits, RGPD et gestion des donn\u00e9es personnelles.\",\"breadcrumb\":{\"@id\":\"https:\/\/www.federationkravmaga.com\/index.php\/mentions-legales-politique-de-confidentialite\/#breadcrumb\"},\"inLanguage\":\"fr-FR\",\"potentialAction\":[{\"@type\":\"ReadAction\",\"target\":[\"https:\/\/www.federationkravmaga.com\/index.php\/mentions-legales-politique-de-confidentialite\/\"]}]},{\"@type\":\"BreadcrumbList\",\"@id\":\"https:\/\/www.federationkravmaga.com\/index.php\/mentions-legales-politique-de-confidentialite\/#breadcrumb\",\"itemListElement\":[{\"@type\":\"ListItem\",\"position\":1,\"name\":\"Accueil\",\"item\":\"https:\/\/www.federationkravmaga.com\/\"},{\"@type\":\"ListItem\",\"position\":2,\"name\":\"Mentions l\u00e9gales et Politique de confidentialit\u00e9\"}]},{\"@type\":\"WebSite\",\"@id\":\"https:\/\/www.federationkravmaga.com\/#website\",\"url\":\"https:\/\/www.federationkravmaga.com\/\",\"name\":\"KMFDA\",\"description\":\"F\u00e9d\u00e9ration de Krav Maga et Disciplines Associ\u00e9es\",\"potentialAction\":[{\"@type\":\"SearchAction\",\"target\":{\"@type\":\"EntryPoint\",\"urlTemplate\":\"https:\/\/www.federationkravmaga.com\/?s={search_term_string}\"},\"query-input\":{\"@type\":\"PropertyValueSpecification\",\"valueRequired\":true,\"valueName\":\"search_term_string\"}}],\"inLanguage\":\"fr-FR\"}]}<\/script>\n<!-- \/ Yoast SEO plugin. -->","yoast_head_json":{"title":"Mentions l\u00e9gales & Politique de confidentialit\u00e9 \u2014 KMFDA","description":"Mentions l\u00e9gales et la politique de confidentialit\u00e9 du site KMFDA : \u00e9diteur, h\u00e9bergeur, droits, RGPD et gestion des donn\u00e9es personnelles.","robots":{"index":"index","follow":"follow","max-snippet":"max-snippet:-1","max-image-preview":"max-image-preview:large","max-video-preview":"max-video-preview:-1"},"canonical":"https:\/\/www.federationkravmaga.com\/index.php\/mentions-legales-politique-de-confidentialite\/","og_locale":"fr_FR","og_type":"article","og_title":"Mentions l\u00e9gales & Politique de confidentialit\u00e9 \u2014 KMFDA","og_description":"Mentions l\u00e9gales et la politique de confidentialit\u00e9 du site KMFDA : \u00e9diteur, h\u00e9bergeur, droits, RGPD et gestion des donn\u00e9es personnelles.","og_url":"https:\/\/www.federationkravmaga.com\/index.php\/mentions-legales-politique-de-confidentialite\/","og_site_name":"KMFDA","article_modified_time":"2025-10-15T09:08:30+00:00","twitter_card":"summary_large_image","twitter_misc":{"Dur\u00e9e de lecture estim\u00e9e":"4 minutes"},"schema":{"@context":"https:\/\/schema.org","@graph":[{"@type":"WebPage","@id":"https:\/\/www.federationkravmaga.com\/index.php\/mentions-legales-politique-de-confidentialite\/","url":"https:\/\/www.federationkravmaga.com\/index.php\/mentions-legales-politique-de-confidentialite\/","name":"Mentions l\u00e9gales & Politique de confidentialit\u00e9 \u2014 KMFDA","isPartOf":{"@id":"https:\/\/www.federationkravmaga.com\/#website"},"datePublished":"2024-10-31T09:08:07+00:00","dateModified":"2025-10-15T09:08:30+00:00","description":"Mentions l\u00e9gales et la politique de confidentialit\u00e9 du site KMFDA : \u00e9diteur, h\u00e9bergeur, droits, RGPD et gestion des donn\u00e9es personnelles.","breadcrumb":{"@id":"https:\/\/www.federationkravmaga.com\/index.php\/mentions-legales-politique-de-confidentialite\/#breadcrumb"},"inLanguage":"fr-FR","potentialAction":[{"@type":"ReadAction","target":["https:\/\/www.federationkravmaga.com\/index.php\/mentions-legales-politique-de-confidentialite\/"]}]},{"@type":"BreadcrumbList","@id":"https:\/\/www.federationkravmaga.com\/index.php\/mentions-legales-politique-de-confidentialite\/#breadcrumb","itemListElement":[{"@type":"ListItem","position":1,"name":"Accueil","item":"https:\/\/www.federationkravmaga.com\/"},{"@type":"ListItem","position":2,"name":"Mentions l\u00e9gales et Politique de confidentialit\u00e9"}]},{"@type":"WebSite","@id":"https:\/\/www.federationkravmaga.com\/#website","url":"https:\/\/www.federationkravmaga.com\/","name":"KMFDA","description":"F\u00e9d\u00e9ration de Krav Maga et Disciplines Associ\u00e9es","potentialAction":[{"@type":"SearchAction","target":{"@type":"EntryPoint","urlTemplate":"https:\/\/www.federationkravmaga.com\/?s={search_term_string}"},"query-input":{"@type":"PropertyValueSpecification","valueRequired":true,"valueName":"search_term_string"}}],"inLanguage":"fr-FR"}]}},"_links":{"self":[{"href":"https:\/\/www.federationkravmaga.com\/index.php\/wp-json\/wp\/v2\/pages\/3","targetHints":{"allow":["GET"]}}],"collection":[{"href":"https:\/\/www.federationkravmaga.com\/index.php\/wp-json\/wp\/v2\/pages"}],"about":[{"href":"https:\/\/www.federationkravmaga.com\/index.php\/wp-json\/wp\/v2\/types\/page"}],"author":[{"embeddable":true,"href":"https:\/\/www.federationkravmaga.com\/index.php\/wp-json\/wp\/v2\/users\/1"}],"replies":[{"embeddable":true,"href":"https:\/\/www.federationkravmaga.com\/index.php\/wp-json\/wp\/v2\/comments?post=3"}],"version-history":[{"count":7,"href":"https:\/\/www.federationkravmaga.com\/index.php\/wp-json\/wp\/v2\/pages\/3\/revisions"}],"predecessor-version":[{"id":722,"href":"https:\/\/www.federationkravmaga.com\/index.php\/wp-json\/wp\/v2\/pages\/3\/revisions\/722"}],"wp:attachment":[{"href":"https:\/\/www.federationkravmaga.com\/index.php\/wp-json\/wp\/v2\/media?parent=3"}],"curies":[{"name":"wp","href":"https:\/\/api.w.org\/{rel}","templated":true}]}}